{"id":2315,"date":"2021-07-07T14:52:10","date_gmt":"2021-07-07T14:52:10","guid":{"rendered":"https:\/\/maurosuites.com\/?page_id=2315"},"modified":"2021-08-19T10:16:03","modified_gmt":"2021-08-19T10:16:03","slug":"discover-leon","status":"publish","type":"page","link":"https:\/\/maurosuites.com\/en\/discover-leon\/","title":{"rendered":"Discover Le\u00f3n"},"content":{"rendered":"\t\t<div data-elementor-type=\"wp-page\" data-elementor-id=\"2315\" class=\"elementor elementor-2315 elementor-39\" data-elementor-post-type=\"page\">\n\t\t\t\t\t\t<section class=\"elementor-section elementor-top-section elementor-element elementor-element-2bfc1af9 elementor-section-height-min-height elementor-section-items-bottom elementor-section-full_width elementor-section-height-default\" data-id=\"2bfc1af9\" data-element_type=\"section\" data-e-type=\"section\" data-settings=\"{&quot;background_background&quot;:&quot;classic&quot;}\">\n\t\t\t\t\t\t\t<div class=\"elementor-background-overlay\"><\/div>\n\t\t\t\t\t\t\t<div class=\"elementor-container elementor-column-gap-default\">\n\t\t\t\t\t<div class=\"elementor-column elementor-col-100 elementor-top-column elementor-element elementor-element-a2aacc6\" data-id=\"a2aacc6\" data-element_type=\"column\" data-e-type=\"column\">\n\t\t\t<div class=\"elementor-widget-wrap elementor-element-populated\">\n\t\t\t\t\t\t<div class=\"elementor-element elementor-element-5999f72c elementor-widget elementor-widget-heading\" data-id=\"5999f72c\" data-element_type=\"widget\" data-e-type=\"widget\" data-widget_type=\"heading.default\">\n\t\t\t\t<div class=\"elementor-widget-container\">\n\t\t\t\t\t<h1 class=\"elementor-heading-title elementor-size-default\"><span class=\"featured-text\">Discover<\/span> LE\u00d3N<\/h1>\t\t\t\t<\/div>\n\t\t\t\t<\/div>\n\t\t\t\t<section class=\"elementor-section elementor-inner-section elementor-element elementor-element-d189d23 elementor-section-boxed elementor-section-height-default elementor-section-height-default\" data-id=\"d189d23\" data-element_type=\"section\" data-e-type=\"section\" data-settings=\"{&quot;background_background&quot;:&quot;classic&quot;}\">\n\t\t\t\t\t\t<div class=\"elementor-container elementor-column-gap-default\">\n\t\t\t\t\t<div class=\"elementor-column elementor-col-100 elementor-inner-column elementor-element elementor-element-9775280\" data-id=\"9775280\" data-element_type=\"column\" data-e-type=\"column\" data-settings=\"{&quot;background_background&quot;:&quot;classic&quot;}\">\n\t\t\t<div class=\"elementor-widget-wrap elementor-element-populated\">\n\t\t\t\t\t\t<div class=\"elementor-element elementor-element-4d00310 elementor-widget elementor-widget-text-editor\" data-id=\"4d00310\" data-element_type=\"widget\" data-e-type=\"widget\" data-widget_type=\"text-editor.default\">\n\t\t\t\t<div class=\"elementor-widget-container\">\n\t\t\t\t\t\t\t\t\t<p>A place is never just that place; it is its customs, its people, its smells and tastes, and above all, its experiences. The culture of a territory resides in the hearts and souls of its people.<\/p><p>A province like few others in which diversity is one of its strengths; in our land you will find the essence of history among the numerous vestiges of the Roman Empire, in its medieval castles or in its more contemporary buildings, you can also delight in the natural wealth of the environment and enjoy a vibrant gastronomy while discovering what is hidden in each of our streets.<\/p>\t\t\t\t\t\t\t\t<\/div>\n\t\t\t\t<\/div>\n\t\t\t\t\t<\/div>\n\t\t<\/div>\n\t\t\t\t\t<\/div>\n\t\t<\/section>\n\t\t\t\t\t<\/div>\n\t\t<\/div>\n\t\t\t\t\t<\/div>\n\t\t<\/section>\n\t\t\t\t<section class=\"elementor-section elementor-top-section elementor-element elementor-element-fcb8a77 elementor-section-boxed elementor-section-height-default elementor-section-height-default\" data-id=\"fcb8a77\" data-element_type=\"section\" data-e-type=\"section\" data-settings=\"{&quot;background_background&quot;:&quot;classic&quot;}\">\n\t\t\t\t\t\t<div class=\"elementor-container elementor-column-gap-default\">\n\t\t\t\t\t<div class=\"elementor-column elementor-col-100 elementor-top-column elementor-element elementor-element-c0b4974\" data-id=\"c0b4974\" data-element_type=\"column\" data-e-type=\"column\">\n\t\t\t<div class=\"elementor-widget-wrap elementor-element-populated\">\n\t\t\t\t\t\t<section class=\"elementor-section elementor-inner-section elementor-element elementor-element-e793fab elementor-section-full_width elementor-section-height-default elementor-section-height-default\" data-id=\"e793fab\" data-element_type=\"section\" data-e-type=\"section\">\n\t\t\t\t\t\t<div class=\"elementor-container elementor-column-gap-default\">\n\t\t\t\t\t<div class=\"elementor-column elementor-col-50 elementor-inner-column elementor-element elementor-element-a851c63\" data-id=\"a851c63\" data-element_type=\"column\" data-e-type=\"column\" data-settings=\"{&quot;background_background&quot;:&quot;slideshow&quot;,&quot;background_slideshow_gallery&quot;:[{&quot;id&quot;:3523,&quot;url&quot;:&quot;https:\\\/\\\/maurosuites.com\\\/wp-content\\\/uploads\\\/2021\\\/07\\\/montana3.min_.jpg&quot;},{&quot;id&quot;:3521,&quot;url&quot;:&quot;https:\\\/\\\/maurosuites.com\\\/wp-content\\\/uploads\\\/2021\\\/07\\\/montana2.min_.jpg&quot;},{&quot;id&quot;:3519,&quot;url&quot;:&quot;https:\\\/\\\/maurosuites.com\\\/wp-content\\\/uploads\\\/2021\\\/07\\\/montana1.min_.jpg&quot;}],&quot;background_slideshow_slide_transition&quot;:&quot;slide_left&quot;,&quot;background_slideshow_loop&quot;:&quot;yes&quot;,&quot;background_slideshow_slide_duration&quot;:5000,&quot;background_slideshow_transition_duration&quot;:500}\">\n\t\t\t<div class=\"elementor-widget-wrap elementor-element-populated\">\n\t\t\t\t\t\t<div class=\"elementor-element elementor-element-d698a7b elementor-widget elementor-widget-spacer\" data-id=\"d698a7b\" data-element_type=\"widget\" data-e-type=\"widget\" data-widget_type=\"spacer.default\">\n\t\t\t\t<div class=\"elementor-widget-container\">\n\t\t\t\t\t\t\t<div class=\"elementor-spacer\">\n\t\t\t<div class=\"elementor-spacer-inner\"><\/div>\n\t\t<\/div>\n\t\t\t\t\t\t<\/div>\n\t\t\t\t<\/div>\n\t\t\t\t\t<\/div>\n\t\t<\/div>\n\t\t\t\t<div class=\"elementor-column elementor-col-50 elementor-inner-column elementor-element elementor-element-83b3699\" data-id=\"83b3699\" data-element_type=\"column\" data-e-type=\"column\" data-settings=\"{&quot;background_background&quot;:&quot;classic&quot;}\">\n\t\t\t<div class=\"elementor-widget-wrap elementor-element-populated\">\n\t\t\t\t\t\t<div class=\"elementor-element elementor-element-597ddda elementor-widget elementor-widget-heading\" data-id=\"597ddda\" data-element_type=\"widget\" data-e-type=\"widget\" data-widget_type=\"heading.default\">\n\t\t\t\t<div class=\"elementor-widget-container\">\n\t\t\t\t\t<h2 class=\"elementor-heading-title elementor-size-default\">LE\u00d3N MOUNTAINS<\/h2>\t\t\t\t<\/div>\n\t\t\t\t<\/div>\n\t\t\t\t<div class=\"elementor-element elementor-element-9e6aa8b elementor-widget elementor-widget-text-editor\" data-id=\"9e6aa8b\" data-element_type=\"widget\" data-e-type=\"widget\" data-widget_type=\"text-editor.default\">\n\t\t\t\t<div class=\"elementor-widget-container\">\n\t\t\t\t\t\t\t\t\t<p>The city of Le\u00f3n is located in a privileged enclave, a great unknown full of beauty, just a few minutes away from the bustling city. Perhaps this is what makes it special and what gives it its charm.<\/p><p>It is in this area where we can find the Le\u00f3n side of the famous Picos de Europa, and not only that, but also the Biosphere Reserve of Babia, the Montes de Le\u00f3n and the Sierra de Gistredo, a paradise without equal for all mountain lovers.<\/p><p>Due to the vastness of its geography, you will be able to enjoy a wide gastronomic diversity, as well as enjoying the haven of peace and tranquillity offered by its multitude of landscapes, from outstanding peaks such as Pe\u00f1a Ubi\u00f1a or the Teleno, to the well-known fjords of Ria\u00f1o in Le\u00f3n or exploring some of its routes, such as the famous Cares Route.<\/p>\t\t\t\t\t\t\t\t<\/div>\n\t\t\t\t<\/div>\n\t\t\t\t\t<\/div>\n\t\t<\/div>\n\t\t\t\t\t<\/div>\n\t\t<\/section>\n\t\t\t\t<section class=\"elementor-section elementor-inner-section elementor-element elementor-element-2a91169 elementor-section-full_width elementor-reverse-mobile elementor-section-height-default elementor-section-height-default\" data-id=\"2a91169\" data-element_type=\"section\" data-e-type=\"section\">\n\t\t\t\t\t\t<div class=\"elementor-container elementor-column-gap-default\">\n\t\t\t\t\t<div class=\"elementor-column elementor-col-50 elementor-inner-column elementor-element elementor-element-5c4fc03\" data-id=\"5c4fc03\" data-element_type=\"column\" data-e-type=\"column\" data-settings=\"{&quot;background_background&quot;:&quot;classic&quot;}\">\n\t\t\t<div class=\"elementor-widget-wrap elementor-element-populated\">\n\t\t\t\t\t\t<div class=\"elementor-element elementor-element-5c4152d elementor-widget elementor-widget-heading\" data-id=\"5c4152d\" data-element_type=\"widget\" data-e-type=\"widget\" data-widget_type=\"heading.default\">\n\t\t\t\t<div class=\"elementor-widget-container\">\n\t\t\t\t\t<h2 class=\"elementor-heading-title elementor-size-default\">KINGS PANTHEON<\/h2>\t\t\t\t<\/div>\n\t\t\t\t<\/div>\n\t\t\t\t<div class=\"elementor-element elementor-element-79f478f elementor-widget elementor-widget-text-editor\" data-id=\"79f478f\" data-element_type=\"widget\" data-e-type=\"widget\" data-widget_type=\"text-editor.default\">\n\t\t\t\t<div class=\"elementor-widget-container\">\n\t\t\t\t\t\t\t\t\t<p>Getting lost in the streets of the cities, discovering corners and noticing small details that are normal to the locals, are some of the pleasures for travellers. However, sometimes, we get so fascinated by the charm of the architecture around us that we don&#8217;t go any further and sometimes we can miss real gems that are just a little more &#8220;hidden&#8221;.<\/p>\n<p>We can, without realising it, miss the Pantheon of the Kings, which is located inside the Basilica of San Isidoro. Sometimes the outside can captivate us so much that we forget what is inside. Of Roman origin and Romanesque style, the Basilica of San Isidoro houses what we know as &#8220;The Sistine Chapel of Romanesque Art&#8221;, and it certainly is.<\/p>\n<p>It is in the Royal Pantheon or Chapel of the Kings, with three naves, where we can find, as well as a faithful example of Romanesque architecture, these beautiful fresco paintings that run along its six vaults and take us back in time.<\/p>\t\t\t\t\t\t\t\t<\/div>\n\t\t\t\t<\/div>\n\t\t\t\t\t<\/div>\n\t\t<\/div>\n\t\t\t\t<div class=\"elementor-column elementor-col-50 elementor-inner-column elementor-element elementor-element-6ede770\" data-id=\"6ede770\" data-element_type=\"column\" data-e-type=\"column\" data-settings=\"{&quot;background_background&quot;:&quot;slideshow&quot;,&quot;background_slideshow_gallery&quot;:[{&quot;id&quot;:3319,&quot;url&quot;:&quot;https:\\\/\\\/maurosuites.com\\\/wp-content\\\/uploads\\\/2021\\\/07\\\/AlojamientoLeon-PanteonReyesCatolicos-1.jpg&quot;},{&quot;id&quot;:3321,&quot;url&quot;:&quot;https:\\\/\\\/maurosuites.com\\\/wp-content\\\/uploads\\\/2021\\\/07\\\/AlojamientoLeon-PanteonReyesCatolicos-2.jpg&quot;},{&quot;id&quot;:3323,&quot;url&quot;:&quot;https:\\\/\\\/maurosuites.com\\\/wp-content\\\/uploads\\\/2021\\\/07\\\/AlojamientoLeon-PanteonReyesCatolicos-4.jpg&quot;},{&quot;id&quot;:3325,&quot;url&quot;:&quot;https:\\\/\\\/maurosuites.com\\\/wp-content\\\/uploads\\\/2021\\\/07\\\/AlojamientoLeon-PanteonReyesCatolicos-5.jpg&quot;}],&quot;background_slideshow_slide_transition&quot;:&quot;slide_left&quot;,&quot;background_slideshow_loop&quot;:&quot;yes&quot;,&quot;background_slideshow_slide_duration&quot;:5000,&quot;background_slideshow_transition_duration&quot;:500}\">\n\t\t\t<div class=\"elementor-widget-wrap elementor-element-populated\">\n\t\t\t\t\t\t<div class=\"elementor-element elementor-element-1e9a542 elementor-widget elementor-widget-spacer\" data-id=\"1e9a542\" data-element_type=\"widget\" data-e-type=\"widget\" data-widget_type=\"spacer.default\">\n\t\t\t\t<div class=\"elementor-widget-container\">\n\t\t\t\t\t\t\t<div class=\"elementor-spacer\">\n\t\t\t<div class=\"elementor-spacer-inner\"><\/div>\n\t\t<\/div>\n\t\t\t\t\t\t<\/div>\n\t\t\t\t<\/div>\n\t\t\t\t\t<\/div>\n\t\t<\/div>\n\t\t\t\t\t<\/div>\n\t\t<\/section>\n\t\t\t\t<section class=\"elementor-section elementor-inner-section elementor-element elementor-element-b6cd5f7 elementor-section-full_width elementor-section-height-default elementor-section-height-default\" data-id=\"b6cd5f7\" data-element_type=\"section\" data-e-type=\"section\">\n\t\t\t\t\t\t<div class=\"elementor-container elementor-column-gap-default\">\n\t\t\t\t\t<div class=\"elementor-column elementor-col-50 elementor-inner-column elementor-element elementor-element-34786db\" data-id=\"34786db\" data-element_type=\"column\" data-e-type=\"column\" data-settings=\"{&quot;background_background&quot;:&quot;slideshow&quot;,&quot;background_slideshow_gallery&quot;:[{&quot;id&quot;:3572,&quot;url&quot;:&quot;https:\\\/\\\/maurosuites.com\\\/wp-content\\\/uploads\\\/2021\\\/07\\\/medulas2.min_.jpg&quot;},{&quot;id&quot;:3570,&quot;url&quot;:&quot;https:\\\/\\\/maurosuites.com\\\/wp-content\\\/uploads\\\/2021\\\/07\\\/medulas1.min_.jpg&quot;}],&quot;background_slideshow_slide_transition&quot;:&quot;slide_left&quot;,&quot;background_slideshow_loop&quot;:&quot;yes&quot;,&quot;background_slideshow_slide_duration&quot;:5000,&quot;background_slideshow_transition_duration&quot;:500}\">\n\t\t\t<div class=\"elementor-widget-wrap elementor-element-populated\">\n\t\t\t\t\t\t<div class=\"elementor-element elementor-element-72fa757 elementor-widget elementor-widget-spacer\" data-id=\"72fa757\" data-element_type=\"widget\" data-e-type=\"widget\" data-widget_type=\"spacer.default\">\n\t\t\t\t<div class=\"elementor-widget-container\">\n\t\t\t\t\t\t\t<div class=\"elementor-spacer\">\n\t\t\t<div class=\"elementor-spacer-inner\"><\/div>\n\t\t<\/div>\n\t\t\t\t\t\t<\/div>\n\t\t\t\t<\/div>\n\t\t\t\t\t<\/div>\n\t\t<\/div>\n\t\t\t\t<div class=\"elementor-column elementor-col-50 elementor-inner-column elementor-element elementor-element-9537982\" data-id=\"9537982\" data-element_type=\"column\" data-e-type=\"column\" data-settings=\"{&quot;background_background&quot;:&quot;classic&quot;}\">\n\t\t\t<div class=\"elementor-widget-wrap elementor-element-populated\">\n\t\t\t\t\t\t<div class=\"elementor-element elementor-element-90255e6 elementor-widget elementor-widget-heading\" data-id=\"90255e6\" data-element_type=\"widget\" data-e-type=\"widget\" data-widget_type=\"heading.default\">\n\t\t\t\t<div class=\"elementor-widget-container\">\n\t\t\t\t\t<h2 class=\"elementor-heading-title elementor-size-default\">THE M\u00c9DULAS<\/h2>\t\t\t\t<\/div>\n\t\t\t\t<\/div>\n\t\t\t\t<div class=\"elementor-element elementor-element-e06d07c elementor-widget elementor-widget-text-editor\" data-id=\"e06d07c\" data-element_type=\"widget\" data-e-type=\"widget\" data-widget_type=\"text-editor.default\">\n\t\t\t\t<div class=\"elementor-widget-container\">\n\t\t\t\t\t\t\t\t\t<p>The passage of history often leaves its mark on nature without our noticing, it goes unnoticed&#8230; On other occasions it leaves us with some of the most striking and curious landscapes, as is the case of the M\u00e9dulas.<\/p><p>Man-made action is largely responsible for the current appearance of this set of reddish sands and forests that in the past were nothing more than an ingenious and enormous work of Roman engineering, which would give rise to the largest open-pit gold mining operation of the time.<\/p><p>Today we do not know it as such, but rather as a vestige of the Roman Empire&#8217;s passage through Le\u00f3n and one of the great attractions of El Bierzo. This marvellous landscape is a UNESCO World Heritage Site, an Asset of Cultural Interest and a Natural Monument, and there are numerous trails to explore the area from all sides.<\/p>\t\t\t\t\t\t\t\t<\/div>\n\t\t\t\t<\/div>\n\t\t\t\t\t<\/div>\n\t\t<\/div>\n\t\t\t\t\t<\/div>\n\t\t<\/section>\n\t\t\t\t\t<\/div>\n\t\t<\/div>\n\t\t\t\t\t<\/div>\n\t\t<\/section>\n\t\t\t\t<section class=\"elementor-section elementor-top-section elementor-element elementor-element-2ddda18f elementor-section-full_width elementor-section-height-default elementor-section-height-default\" data-id=\"2ddda18f\" data-element_type=\"section\" data-e-type=\"section\" data-settings=\"{&quot;background_background&quot;:&quot;video&quot;,&quot;background_video_link&quot;:&quot;https:\\\/\\\/maurosuites.com\\\/wp-content\\\/uploads\\\/2021\\\/07\\\/video-v2-2.mp4&quot;,&quot;background_video_start&quot;:0,&quot;background_play_on_mobile&quot;:&quot;yes&quot;}\">\n\t\t\t\t\t\t\t\t<div class=\"elementor-background-video-container\">\n\t\t\t\t\t\t\t\t\t\t\t\t\t<video class=\"elementor-background-video-hosted\" role=\"presentation\" autoplay muted playsinline loop><\/video>\n\t\t\t\t\t\t\t\t\t\t\t<\/div>\n\t\t\t\t\t\t\t\t<div class=\"elementor-container elementor-column-gap-default\">\n\t\t\t\t\t<div class=\"elementor-column elementor-col-100 elementor-top-column elementor-element elementor-element-135adee3\" data-id=\"135adee3\" data-element_type=\"column\" data-e-type=\"column\">\n\t\t\t<div class=\"elementor-widget-wrap elementor-element-populated\">\n\t\t\t\t\t\t<div class=\"elementor-element elementor-element-38a53de elementor-widget elementor-widget-spacer\" data-id=\"38a53de\" data-element_type=\"widget\" data-e-type=\"widget\" data-widget_type=\"spacer.default\">\n\t\t\t\t<div class=\"elementor-widget-container\">\n\t\t\t\t\t\t\t<div class=\"elementor-spacer\">\n\t\t\t<div class=\"elementor-spacer-inner\"><\/div>\n\t\t<\/div>\n\t\t\t\t\t\t<\/div>\n\t\t\t\t<\/div>\n\t\t\t\t\t<\/div>\n\t\t<\/div>\n\t\t\t\t\t<\/div>\n\t\t<\/section>\n\t\t\t\t<\/div>\n\t\t","protected":false},"excerpt":{"rendered":"<p>Discover LE\u00d3N A place is never just that place; it is its customs, its people, its smells and tastes, and above all, its experiences. The culture of a territory resides in the hearts and souls of its people. A province like few others in which diversity is one of its strengths; in our land you &#8230; <a title=\"Discover Le\u00f3n\" class=\"read-more\" href=\"https:\/\/maurosuites.com\/en\/discover-leon\/\" aria-label=\"Read more about Discover Le\u00f3n\">Read more<\/a><\/p>\n","protected":false},"author":7,"featured_media":0,"parent":0,"menu_order":0,"comment_status":"closed","ping_status":"closed","template":"","meta":{"footnotes":""},"class_list":["post-2315","page","type-page","status-publish"],"yoast_head":"<!-- This site is optimized with the Yoast SEO plugin v27.3 - https:\/\/yoast.com\/product\/yoast-seo-wordpress\/ -->\n<title>Discover Le\u00f3n &#187; Points of Interest | Mauro Suites Apartments<\/title>\n<meta name=\"description\" content=\"Get to know Leon by the hand of Mauro Suites, the ideal place to enjoy nature, culture and wonderful gastronomy.\" \/>\n<meta name=\"robots\" content=\"index, follow, max-snippet:-1, max-image-preview:large, max-video-preview:-1\" \/>\n<link rel=\"canonical\" href=\"https:\/\/maurosuites.com\/en\/discover-leon\/\" \/>\n<meta property=\"og:locale\" content=\"en_US\" \/>\n<meta property=\"og:type\" content=\"article\" \/>\n<meta property=\"og:title\" content=\"Discover Le\u00f3n &#187; Points of Interest | Mauro Suites Apartments\" \/>\n<meta property=\"og:description\" content=\"Get to know Leon by the hand of Mauro Suites, the ideal place to enjoy nature, culture and wonderful gastronomy.\" \/>\n<meta property=\"og:url\" content=\"https:\/\/maurosuites.com\/en\/discover-leon\/\" \/>\n<meta property=\"og:site_name\" content=\"Mauro Suites\" \/>\n<meta property=\"article:modified_time\" content=\"2021-08-19T10:16:03+00:00\" \/>\n<meta name=\"twitter:card\" content=\"summary_large_image\" \/>\n<meta name=\"twitter:label1\" content=\"Est. reading time\" \/>\n\t<meta name=\"twitter:data1\" content=\"3 minutes\" \/>\n<script type=\"application\/ld+json\" class=\"yoast-schema-graph\">{\"@context\":\"https:\\\/\\\/schema.org\",\"@graph\":[{\"@type\":\"WebPage\",\"@id\":\"https:\\\/\\\/maurosuites.com\\\/en\\\/discover-leon\\\/\",\"url\":\"https:\\\/\\\/maurosuites.com\\\/en\\\/discover-leon\\\/\",\"name\":\"Discover Le\u00f3n &#187; Points of Interest | Mauro Suites Apartments\",\"isPartOf\":{\"@id\":\"https:\\\/\\\/maurosuites.com\\\/en\\\/#website\"},\"datePublished\":\"2021-07-07T14:52:10+00:00\",\"dateModified\":\"2021-08-19T10:16:03+00:00\",\"description\":\"Get to know Leon by the hand of Mauro Suites, the ideal place to enjoy nature, culture and wonderful gastronomy.\",\"breadcrumb\":{\"@id\":\"https:\\\/\\\/maurosuites.com\\\/en\\\/discover-leon\\\/#breadcrumb\"},\"inLanguage\":\"en-US\",\"potentialAction\":[{\"@type\":\"ReadAction\",\"target\":[\"https:\\\/\\\/maurosuites.com\\\/en\\\/discover-leon\\\/\"]}]},{\"@type\":\"BreadcrumbList\",\"@id\":\"https:\\\/\\\/maurosuites.com\\\/en\\\/discover-leon\\\/#breadcrumb\",\"itemListElement\":[{\"@type\":\"ListItem\",\"position\":1,\"name\":\"Portada\",\"item\":\"https:\\\/\\\/maurosuites.com\\\/en\\\/\"},{\"@type\":\"ListItem\",\"position\":2,\"name\":\"Discover Le\u00f3n\"}]},{\"@type\":\"WebSite\",\"@id\":\"https:\\\/\\\/maurosuites.com\\\/en\\\/#website\",\"url\":\"https:\\\/\\\/maurosuites.com\\\/en\\\/\",\"name\":\"Mauro Suites\",\"description\":\"Apartamentos de lujo en Le&oacute;n\",\"publisher\":{\"@id\":\"https:\\\/\\\/maurosuites.com\\\/en\\\/#organization\"},\"potentialAction\":[{\"@type\":\"SearchAction\",\"target\":{\"@type\":\"EntryPoint\",\"urlTemplate\":\"https:\\\/\\\/maurosuites.com\\\/en\\\/?s={search_term_string}\"},\"query-input\":{\"@type\":\"PropertyValueSpecification\",\"valueRequired\":true,\"valueName\":\"search_term_string\"}}],\"inLanguage\":\"en-US\"},{\"@type\":\"Organization\",\"@id\":\"https:\\\/\\\/maurosuites.com\\\/en\\\/#organization\",\"name\":\"Mauro Suites\",\"url\":\"https:\\\/\\\/maurosuites.com\\\/en\\\/\",\"logo\":{\"@type\":\"ImageObject\",\"inLanguage\":\"en-US\",\"@id\":\"https:\\\/\\\/maurosuites.com\\\/en\\\/#\\\/schema\\\/logo\\\/image\\\/\",\"url\":\"https:\\\/\\\/maurosuites.com\\\/wp-content\\\/uploads\\\/2021\\\/05\\\/logo-blanco.svg\",\"contentUrl\":\"https:\\\/\\\/maurosuites.com\\\/wp-content\\\/uploads\\\/2021\\\/05\\\/logo-blanco.svg\",\"caption\":\"Mauro Suites\"},\"image\":{\"@id\":\"https:\\\/\\\/maurosuites.com\\\/en\\\/#\\\/schema\\\/logo\\\/image\\\/\"}}]}<\/script>\n<!-- \/ Yoast SEO plugin. -->","yoast_head_json":{"title":"Discover Le\u00f3n &#187; Points of Interest | Mauro Suites Apartments","description":"Get to know Leon by the hand of Mauro Suites, the ideal place to enjoy nature, culture and wonderful gastronomy.","robots":{"index":"index","follow":"follow","max-snippet":"max-snippet:-1","max-image-preview":"max-image-preview:large","max-video-preview":"max-video-preview:-1"},"canonical":"https:\/\/maurosuites.com\/en\/discover-leon\/","og_locale":"en_US","og_type":"article","og_title":"Discover Le\u00f3n &#187; Points of Interest | Mauro Suites Apartments","og_description":"Get to know Leon by the hand of Mauro Suites, the ideal place to enjoy nature, culture and wonderful gastronomy.","og_url":"https:\/\/maurosuites.com\/en\/discover-leon\/","og_site_name":"Mauro Suites","article_modified_time":"2021-08-19T10:16:03+00:00","twitter_card":"summary_large_image","twitter_misc":{"Est. reading time":"3 minutes"},"schema":{"@context":"https:\/\/schema.org","@graph":[{"@type":"WebPage","@id":"https:\/\/maurosuites.com\/en\/discover-leon\/","url":"https:\/\/maurosuites.com\/en\/discover-leon\/","name":"Discover Le\u00f3n &#187; Points of Interest | Mauro Suites Apartments","isPartOf":{"@id":"https:\/\/maurosuites.com\/en\/#website"},"datePublished":"2021-07-07T14:52:10+00:00","dateModified":"2021-08-19T10:16:03+00:00","description":"Get to know Leon by the hand of Mauro Suites, the ideal place to enjoy nature, culture and wonderful gastronomy.","breadcrumb":{"@id":"https:\/\/maurosuites.com\/en\/discover-leon\/#breadcrumb"},"inLanguage":"en-US","potentialAction":[{"@type":"ReadAction","target":["https:\/\/maurosuites.com\/en\/discover-leon\/"]}]},{"@type":"BreadcrumbList","@id":"https:\/\/maurosuites.com\/en\/discover-leon\/#breadcrumb","itemListElement":[{"@type":"ListItem","position":1,"name":"Portada","item":"https:\/\/maurosuites.com\/en\/"},{"@type":"ListItem","position":2,"name":"Discover Le\u00f3n"}]},{"@type":"WebSite","@id":"https:\/\/maurosuites.com\/en\/#website","url":"https:\/\/maurosuites.com\/en\/","name":"Mauro Suites","description":"Apartamentos de lujo en Le&oacute;n","publisher":{"@id":"https:\/\/maurosuites.com\/en\/#organization"},"potentialAction":[{"@type":"SearchAction","target":{"@type":"EntryPoint","urlTemplate":"https:\/\/maurosuites.com\/en\/?s={search_term_string}"},"query-input":{"@type":"PropertyValueSpecification","valueRequired":true,"valueName":"search_term_string"}}],"inLanguage":"en-US"},{"@type":"Organization","@id":"https:\/\/maurosuites.com\/en\/#organization","name":"Mauro Suites","url":"https:\/\/maurosuites.com\/en\/","logo":{"@type":"ImageObject","inLanguage":"en-US","@id":"https:\/\/maurosuites.com\/en\/#\/schema\/logo\/image\/","url":"https:\/\/maurosuites.com\/wp-content\/uploads\/2021\/05\/logo-blanco.svg","contentUrl":"https:\/\/maurosuites.com\/wp-content\/uploads\/2021\/05\/logo-blanco.svg","caption":"Mauro Suites"},"image":{"@id":"https:\/\/maurosuites.com\/en\/#\/schema\/logo\/image\/"}}]}},"_links":{"self":[{"href":"https:\/\/maurosuites.com\/en\/wp-json\/wp\/v2\/pages\/2315","targetHints":{"allow":["GET"]}}],"collection":[{"href":"https:\/\/maurosuites.com\/en\/wp-json\/wp\/v2\/pages"}],"about":[{"href":"https:\/\/maurosuites.com\/en\/wp-json\/wp\/v2\/types\/page"}],"author":[{"embeddable":true,"href":"https:\/\/maurosuites.com\/en\/wp-json\/wp\/v2\/users\/7"}],"replies":[{"embeddable":true,"href":"https:\/\/maurosuites.com\/en\/wp-json\/wp\/v2\/comments?post=2315"}],"version-history":[{"count":0,"href":"https:\/\/maurosuites.com\/en\/wp-json\/wp\/v2\/pages\/2315\/revisions"}],"wp:attachment":[{"href":"https:\/\/maurosuites.com\/en\/wp-json\/wp\/v2\/media?parent=2315"}],"curies":[{"name":"wp","href":"https:\/\/api.w.org\/{rel}","templated":true}]}}