{"id":3781,"date":"2021-08-20T07:17:55","date_gmt":"2021-08-20T07:17:55","guid":{"rendered":"https:\/\/maurosuites.com\/privacy-policy\/"},"modified":"2021-08-20T07:17:55","modified_gmt":"2021-08-20T07:17:55","slug":"privacy-policy","status":"publish","type":"page","link":"https:\/\/maurosuites.com\/en\/privacy-policy\/","title":{"rendered":"Privacy Policy"},"content":{"rendered":"\t\t<div data-elementor-type=\"wp-page\" data-elementor-id=\"3781\" class=\"elementor elementor-3781 elementor-635\" data-elementor-post-type=\"page\">\n\t\t\t\t\t\t<section class=\"elementor-section elementor-top-section elementor-element elementor-element-7c0ec82c elementor-section-height-min-height elementor-section-items-bottom elementor-section-boxed elementor-section-height-default\" data-id=\"7c0ec82c\" data-element_type=\"section\" data-e-type=\"section\" data-settings=\"{&quot;background_background&quot;:&quot;classic&quot;}\">\n\t\t\t\t\t\t\t<div class=\"elementor-background-overlay\"><\/div>\n\t\t\t\t\t\t\t<div class=\"elementor-container elementor-column-gap-default\">\n\t\t\t\t\t<div class=\"elementor-column elementor-col-100 elementor-top-column elementor-element elementor-element-122be24b\" data-id=\"122be24b\" data-element_type=\"column\" data-e-type=\"column\">\n\t\t\t<div class=\"elementor-widget-wrap elementor-element-populated\">\n\t\t\t\t\t\t<div class=\"elementor-element elementor-element-18e43d2d elementor-widget elementor-widget-heading\" data-id=\"18e43d2d\" data-element_type=\"widget\" data-e-type=\"widget\" data-widget_type=\"heading.default\">\n\t\t\t\t<div class=\"elementor-widget-container\">\n\t\t\t\t\t<h1 class=\"elementor-heading-title elementor-size-default\">Privacy Policy<\/h1>\t\t\t\t<\/div>\n\t\t\t\t<\/div>\n\t\t\t\t\t<\/div>\n\t\t<\/div>\n\t\t\t\t\t<\/div>\n\t\t<\/section>\n\t\t\t\t<section class=\"elementor-section elementor-top-section elementor-element elementor-element-5b06749 elementor-section-boxed elementor-section-height-default elementor-section-height-default\" data-id=\"5b06749\" data-element_type=\"section\" data-e-type=\"section\">\n\t\t\t\t\t\t<div class=\"elementor-container elementor-column-gap-default\">\n\t\t\t\t\t<div class=\"elementor-column elementor-col-100 elementor-top-column elementor-element elementor-element-9aad6e1\" data-id=\"9aad6e1\" data-element_type=\"column\" data-e-type=\"column\">\n\t\t\t<div class=\"elementor-widget-wrap elementor-element-populated\">\n\t\t\t\t\t\t<div class=\"elementor-element elementor-element-0a747f9 elementor-widget elementor-widget-text-editor\" data-id=\"0a747f9\" data-element_type=\"widget\" data-e-type=\"widget\" data-widget_type=\"text-editor.default\">\n\t\t\t\t<div class=\"elementor-widget-container\">\n\t\t\t\t\t\t\t\t\t<p>Los datos de car\u00e1cter personal recabados a trav\u00e9s del presente sitio web ser\u00e1n tratados en todo momento de acuerdo con lo previsto en el Reglamento (UE) 2016\/679 del Parlamento Europeo y del Consejo, de 27 de abril de 2016 , relativo a la protecci\u00f3n de las personas f\u00edsicas en lo que respecta al tratamiento de datos personales y a la libre circulaci\u00f3n de estos datos (RGPD) y la Ley Org\u00e1nica 3\/2018 de 5 de diciembre (LOPDGDD), as\u00ed como en cumplimiento de la normativa nacional aplicable en materia de protecci\u00f3n de datos. El sitio web proporcionar\u00e1 a los usuarios los recursos t\u00e9cnicos adecuados para que, con car\u00e1cter previo al env\u00edo de sus datos personales, puedan acceder a esta Pol\u00edtica de Privacidad y a cualquier otra informaci\u00f3n relevante en materia de Protecci\u00f3n de Datos.<\/p>\n<p><strong>IDENTIFICACI\u00d3N DEL RESPONSABLE DEL TRATAMIENTO<\/strong><\/p>\n<ul>\n<li>MAURO ESENCIA S.L.(MAUROSUITES)<\/li>\n<li>NIF: B42876961<\/li>\n<li>Domicilio: Pol\u00edgono Industrial de Le\u00f3n, Fase 2, Parcela M 33, CP 24391, Ribaseca-Santovenia de la Valdoncina (Le\u00f3n)<\/li>\n<li>Tel\u00e9fono: <a href=\"tel:+34669977515\" target=\"_blank\" rel=\"noopener\"><span class=\"elementor-icon-list-text\">(+34) 669 977 515<\/span><\/a><\/li>\n<li>Correo electr\u00f3nico: <a href=\"mailto:leon@maurosuites.com\" target=\"_blank\" rel=\"noopener\">leon@maurosuites.com<\/a><\/li>\n<\/ul>\n<p><strong>FINALIDAD DEL TRATAMIENTO Y NATURALEZA DE LOS DATOS TRATADOS<\/strong><\/p>\n<p>La informaci\u00f3n recabada a trav\u00e9s del formulario de contacto se trata con la finalidad de atender a la consulta o petici\u00f3n de informaci\u00f3n que en su caso solicite el Usuario. Los datos recabados en este caso son de naturaleza identificativa y de contacto (nombre, apellidos y correo electr\u00f3nico), as\u00ed como datos relacionados con la consulta o petici\u00f3n planteada por el Usuario.<\/p>\n<p><strong>VERACIDAD DE LA INFORMACI\u00d3N APORTADA<\/strong><\/p>\n<p>Toda la informaci\u00f3n que facilite el Usuario deber\u00e1 ser veraz y exacta. A estos efectos, el interesado garantiza la autenticad de todos aquellos datos que aporte como consecuencia de la cumplimentaci\u00f3n del formulario correspondiente. En todo caso, el Usuario ser\u00e1 el \u00fanico responsable de las manifestaciones falsas o inexactas que realice, y de los perjuicios que cause a MAUROSUITES, o a terceros, por las informaciones que facilite.<\/p>\n<p><strong>DESTINATARIOS DE LA INFORMACI\u00d3N Y TRANSFERENCIA INTERNACIONAL DE DATOS<\/strong><\/p>\n<p>Informamos al Usuario que el tratamiento de la informaci\u00f3n recabada a trav\u00e9s del presente sitio web no implica transferencia internacional de datos ni comunicaciones de datos a terceros.<\/p>\n<p><strong>BASE QUE LEGITIMA EL TRATAMIENTO DE DATOS<\/strong><\/p>\n<p>La base que legitima el tratamiento de datos es el propio consentimiento del Usuario que se manifiesta mediante la marcaci\u00f3n de casilla de aceptaci\u00f3n como paso previo al env\u00edo de cada formulario. El Usuario tiene derecho a retirar el consentimiento en cualquier momento, sin que ello afecte a la licitud del tratamiento basado en el consentimiento previo a su retirada.<\/p>\n<p><strong>CONSERVACI\u00d3N DE LOS DATOS<\/strong><\/p>\n<p>La informaci\u00f3n recabada a trav\u00e9s del formulario de contacto se conservar\u00e1 durante el plazo necesario para atender la petici\u00f3n de consulta o informaci\u00f3n que el Usuario haya solicitado. Posteriormente los datos ser\u00e1n eliminados, a menos que la naturaleza de la consulta o petici\u00f3n requiera la conservaci\u00f3n de su informaci\u00f3n para otros fines, en cuyo caso le informaremos sobre dicha finalidad del tratamiento, el plazo de conservaci\u00f3n y destinatarios de datos, en los t\u00e9rminos que correspondan.<\/p>\n<p><strong>EJERCICIO DE DERECHOS<\/strong><\/p>\n<p>El Usuario tiene derecho a acceder a sus datos personales, as\u00ed como a solicitar la rectificaci\u00f3n de los datos inexactos o, en su caso, solicitar su supresi\u00f3n cuando, entre otros motivos, los datos ya no sean necesarios para los fines que fueron recogidos. El Usuario podr\u00e1 solicitar la limitaci\u00f3n del tratamiento de sus datos, en cuyo caso MAUROSUITES solo los conservar\u00e1 para el ejercicio o la defensa de reclamaciones, cuando corresponda legalmente. En determinadas circunstancias y por motivos relacionados con su situaci\u00f3n particular, el Usuario podr\u00e1 oponerse al tratamiento de sus datos. En este caso, MAUROSUITES dejar\u00e1 de tratar los datos, salvo por motivos leg\u00edtimos, o el ejercicio o la defensa de posibles reclamaciones. Por \u00faltimo, le informamos sobre su derecho de portabilidad previsto en el RGPD con el fin de que sus datos puedan ser facilitados al Responsable del tratamiento que el Usuario nos indique. Para hacer efectivo estos derechos el Usuario puede enviar un email a <a href=\"mailto:leon@maurosuites.com\" target=\"_blank\" rel=\"noopener\">leon@maurosuites.com<\/a>.<\/p>\n<p>En los casos en los que considere que durante el tratamiento de datos por parte de MAUROSUITES se han vulnerado los derechos en materia de protecci\u00f3n de datos del interesado, especialmente cuando no haya obtenido satisfacci\u00f3n en el ejercicio de sus derechos, el Usuario puede presentar una reclamaci\u00f3n ante la Autoridad de Control en materia de Protecci\u00f3n de Datos competente (Agencia Espa\u00f1ola de Protecci\u00f3n de Datos: www.agpd.es).<\/p>\n<p><strong>USO DE COOKIES<\/strong><\/p>\n<p>Una cookie es un fichero que se descarga en el ordenador del usuario al acceder a determinadas p\u00e1ginas web. Las cookies permiten a una p\u00e1gina web, entre otras cosas, almacenar y recuperar informaci\u00f3n sobre los h\u00e1bitos de navegaci\u00f3n de un usuario o de su equipo y, dependiendo de la informaci\u00f3n que contengan y de la forma en que utilice su equipo, podr\u00edan utilizarse para reconocer al usuario. El presente sitio web no utiliza cookies no necesarias para la navegaci\u00f3n, ni pretende identificar al usuario o sus h\u00e1bitos de navegaci\u00f3n, por lo que no se aplica la obligaci\u00f3n de recabar el consentimiento previo de los interesados para la instalaci\u00f3n de dichas cookies.<\/p>\n<p><strong>SEGURIDAD DE LA INFORMACI\u00d3N<\/strong><\/p>\n<p>MAUROSUITES utiliza tecnolog\u00edas adecuadas al estado de la t\u00e9cnica actual para proteger sus datos e informaciones personales, as\u00ed nuestra p\u00e1gina web se almacena en servidores seguros protegidos contra los tipos de ataques m\u00e1s habituales. No obstante, le recordamos que no existe la tecnolog\u00eda invulnerable y que por tanto debe poner los medios que est\u00e9n a su alcance para mantener el nivel de seguridad de sus datos. MAUROSUITES ha adoptado las medidas de \u00edndole t\u00e9cnica y organizativa que garantizan la seguridad de los datos de car\u00e1cter personal y evitan su alteraci\u00f3n, p\u00e9rdida, tratamiento o acceso no autorizado, habida cuenta del estado de la tecnolog\u00eda, la naturaleza de los datos almacenados y los riesgos a que est\u00e9n expuestos.<\/p>\n<p><strong>MODIFICACIONES EN LA POL\u00cdTICA DE PRIVACIDAD<\/strong><\/p>\n<p>MAUROSUITES se reserva el derecho a modificar la presente Pol\u00edtica de Privacidad para adaptarla a novedades legislativas o jurisprudenciales, as\u00ed como a pr\u00e1cticas de la industria. En dichos supuestos, MAUROSUITES anunciar\u00e1 en esta p\u00e1gina los cambios introducidos con razonable antelaci\u00f3n a su puesta en pr\u00e1ctica.<\/p>\n<p>Fecha de la \u00faltima actualizaci\u00f3n: 27 de julio de 2021.<\/p>\n\t\t\t\t\t\t\t\t<\/div>\n\t\t\t\t<\/div>\n\t\t\t\t\t<\/div>\n\t\t<\/div>\n\t\t\t\t\t<\/div>\n\t\t<\/section>\n\t\t\t\t<\/div>\n\t\t","protected":false},"excerpt":{"rendered":"<p>Privacy Policy Los datos de car\u00e1cter personal recabados a trav\u00e9s del presente sitio web ser\u00e1n tratados en todo momento de acuerdo con lo previsto en el Reglamento (UE) 2016\/679 del Parlamento Europeo y del Consejo, de 27 de abril de 2016 , relativo a la protecci\u00f3n de las personas f\u00edsicas en lo que respecta al &#8230; <a title=\"Privacy Policy\" class=\"read-more\" href=\"https:\/\/maurosuites.com\/en\/privacy-policy\/\" aria-label=\"Read more about Privacy Policy\">Read more<\/a><\/p>\n","protected":false},"author":7,"featured_media":0,"parent":0,"menu_order":0,"comment_status":"closed","ping_status":"closed","template":"elementor_header_footer","meta":{"footnotes":""},"class_list":["post-3781","page","type-page","status-publish"],"yoast_head":"<!-- This site is optimized with the Yoast SEO plugin v27.3 - https:\/\/yoast.com\/product\/yoast-seo-wordpress\/ -->\n<title>Privacy Policy &#187; Mauro Suites<\/title>\n<meta name=\"robots\" content=\"noindex, follow\" \/>\n<meta property=\"og:locale\" content=\"en_US\" \/>\n<meta property=\"og:type\" content=\"article\" \/>\n<meta property=\"og:title\" content=\"Privacy Policy &#187; Mauro Suites\" \/>\n<meta property=\"og:description\" content=\"Privacy Policy Los datos de car\u00e1cter personal recabados a trav\u00e9s del presente sitio web ser\u00e1n tratados en todo momento de acuerdo con lo previsto en el Reglamento (UE) 2016\/679 del Parlamento Europeo y del Consejo, de 27 de abril de 2016 , relativo a la protecci\u00f3n de las personas f\u00edsicas en lo que respecta al ... Read more\" \/>\n<meta property=\"og:url\" content=\"https:\/\/maurosuites.com\/en\/privacy-policy\/\" \/>\n<meta property=\"og:site_name\" content=\"Mauro Suites\" \/>\n<meta name=\"twitter:card\" content=\"summary_large_image\" \/>\n<meta name=\"twitter:label1\" content=\"Est. reading time\" \/>\n\t<meta name=\"twitter:data1\" content=\"6 minutes\" \/>\n<script type=\"application\/ld+json\" class=\"yoast-schema-graph\">{\"@context\":\"https:\\\/\\\/schema.org\",\"@graph\":[{\"@type\":\"WebPage\",\"@id\":\"https:\\\/\\\/maurosuites.com\\\/en\\\/privacy-policy\\\/\",\"url\":\"https:\\\/\\\/maurosuites.com\\\/en\\\/privacy-policy\\\/\",\"name\":\"Privacy Policy &#187; Mauro Suites\",\"isPartOf\":{\"@id\":\"https:\\\/\\\/maurosuites.com\\\/en\\\/#website\"},\"datePublished\":\"2021-08-20T07:17:55+00:00\",\"breadcrumb\":{\"@id\":\"https:\\\/\\\/maurosuites.com\\\/en\\\/privacy-policy\\\/#breadcrumb\"},\"inLanguage\":\"en-US\",\"potentialAction\":[{\"@type\":\"ReadAction\",\"target\":[\"https:\\\/\\\/maurosuites.com\\\/en\\\/privacy-policy\\\/\"]}]},{\"@type\":\"BreadcrumbList\",\"@id\":\"https:\\\/\\\/maurosuites.com\\\/en\\\/privacy-policy\\\/#breadcrumb\",\"itemListElement\":[{\"@type\":\"ListItem\",\"position\":1,\"name\":\"Portada\",\"item\":\"https:\\\/\\\/maurosuites.com\\\/en\\\/\"},{\"@type\":\"ListItem\",\"position\":2,\"name\":\"Privacy Policy\"}]},{\"@type\":\"WebSite\",\"@id\":\"https:\\\/\\\/maurosuites.com\\\/en\\\/#website\",\"url\":\"https:\\\/\\\/maurosuites.com\\\/en\\\/\",\"name\":\"Mauro Suites\",\"description\":\"Apartamentos de lujo en Le&oacute;n\",\"publisher\":{\"@id\":\"https:\\\/\\\/maurosuites.com\\\/en\\\/#organization\"},\"potentialAction\":[{\"@type\":\"SearchAction\",\"target\":{\"@type\":\"EntryPoint\",\"urlTemplate\":\"https:\\\/\\\/maurosuites.com\\\/en\\\/?s={search_term_string}\"},\"query-input\":{\"@type\":\"PropertyValueSpecification\",\"valueRequired\":true,\"valueName\":\"search_term_string\"}}],\"inLanguage\":\"en-US\"},{\"@type\":\"Organization\",\"@id\":\"https:\\\/\\\/maurosuites.com\\\/en\\\/#organization\",\"name\":\"Mauro Suites\",\"url\":\"https:\\\/\\\/maurosuites.com\\\/en\\\/\",\"logo\":{\"@type\":\"ImageObject\",\"inLanguage\":\"en-US\",\"@id\":\"https:\\\/\\\/maurosuites.com\\\/en\\\/#\\\/schema\\\/logo\\\/image\\\/\",\"url\":\"https:\\\/\\\/maurosuites.com\\\/wp-content\\\/uploads\\\/2021\\\/05\\\/logo-blanco.svg\",\"contentUrl\":\"https:\\\/\\\/maurosuites.com\\\/wp-content\\\/uploads\\\/2021\\\/05\\\/logo-blanco.svg\",\"caption\":\"Mauro Suites\"},\"image\":{\"@id\":\"https:\\\/\\\/maurosuites.com\\\/en\\\/#\\\/schema\\\/logo\\\/image\\\/\"}}]}<\/script>\n<!-- \/ Yoast SEO plugin. -->","yoast_head_json":{"title":"Privacy Policy &#187; Mauro Suites","robots":{"index":"noindex","follow":"follow"},"og_locale":"en_US","og_type":"article","og_title":"Privacy Policy &#187; Mauro Suites","og_description":"Privacy Policy Los datos de car\u00e1cter personal recabados a trav\u00e9s del presente sitio web ser\u00e1n tratados en todo momento de acuerdo con lo previsto en el Reglamento (UE) 2016\/679 del Parlamento Europeo y del Consejo, de 27 de abril de 2016 , relativo a la protecci\u00f3n de las personas f\u00edsicas en lo que respecta al ... Read more","og_url":"https:\/\/maurosuites.com\/en\/privacy-policy\/","og_site_name":"Mauro Suites","twitter_card":"summary_large_image","twitter_misc":{"Est. reading time":"6 minutes"},"schema":{"@context":"https:\/\/schema.org","@graph":[{"@type":"WebPage","@id":"https:\/\/maurosuites.com\/en\/privacy-policy\/","url":"https:\/\/maurosuites.com\/en\/privacy-policy\/","name":"Privacy Policy &#187; Mauro Suites","isPartOf":{"@id":"https:\/\/maurosuites.com\/en\/#website"},"datePublished":"2021-08-20T07:17:55+00:00","breadcrumb":{"@id":"https:\/\/maurosuites.com\/en\/privacy-policy\/#breadcrumb"},"inLanguage":"en-US","potentialAction":[{"@type":"ReadAction","target":["https:\/\/maurosuites.com\/en\/privacy-policy\/"]}]},{"@type":"BreadcrumbList","@id":"https:\/\/maurosuites.com\/en\/privacy-policy\/#breadcrumb","itemListElement":[{"@type":"ListItem","position":1,"name":"Portada","item":"https:\/\/maurosuites.com\/en\/"},{"@type":"ListItem","position":2,"name":"Privacy Policy"}]},{"@type":"WebSite","@id":"https:\/\/maurosuites.com\/en\/#website","url":"https:\/\/maurosuites.com\/en\/","name":"Mauro Suites","description":"Apartamentos de lujo en Le&oacute;n","publisher":{"@id":"https:\/\/maurosuites.com\/en\/#organization"},"potentialAction":[{"@type":"SearchAction","target":{"@type":"EntryPoint","urlTemplate":"https:\/\/maurosuites.com\/en\/?s={search_term_string}"},"query-input":{"@type":"PropertyValueSpecification","valueRequired":true,"valueName":"search_term_string"}}],"inLanguage":"en-US"},{"@type":"Organization","@id":"https:\/\/maurosuites.com\/en\/#organization","name":"Mauro Suites","url":"https:\/\/maurosuites.com\/en\/","logo":{"@type":"ImageObject","inLanguage":"en-US","@id":"https:\/\/maurosuites.com\/en\/#\/schema\/logo\/image\/","url":"https:\/\/maurosuites.com\/wp-content\/uploads\/2021\/05\/logo-blanco.svg","contentUrl":"https:\/\/maurosuites.com\/wp-content\/uploads\/2021\/05\/logo-blanco.svg","caption":"Mauro Suites"},"image":{"@id":"https:\/\/maurosuites.com\/en\/#\/schema\/logo\/image\/"}}]}},"_links":{"self":[{"href":"https:\/\/maurosuites.com\/en\/wp-json\/wp\/v2\/pages\/3781","targetHints":{"allow":["GET"]}}],"collection":[{"href":"https:\/\/maurosuites.com\/en\/wp-json\/wp\/v2\/pages"}],"about":[{"href":"https:\/\/maurosuites.com\/en\/wp-json\/wp\/v2\/types\/page"}],"author":[{"embeddable":true,"href":"https:\/\/maurosuites.com\/en\/wp-json\/wp\/v2\/users\/7"}],"replies":[{"embeddable":true,"href":"https:\/\/maurosuites.com\/en\/wp-json\/wp\/v2\/comments?post=3781"}],"version-history":[{"count":0,"href":"https:\/\/maurosuites.com\/en\/wp-json\/wp\/v2\/pages\/3781\/revisions"}],"wp:attachment":[{"href":"https:\/\/maurosuites.com\/en\/wp-json\/wp\/v2\/media?parent=3781"}],"curies":[{"name":"wp","href":"https:\/\/api.w.org\/{rel}","templated":true}]}}