{"id":3783,"date":"2021-08-20T07:18:18","date_gmt":"2021-08-20T07:18:18","guid":{"rendered":"https:\/\/maurosuites.com\/cookies-policy\/"},"modified":"2021-08-20T07:18:18","modified_gmt":"2021-08-20T07:18:18","slug":"cookies-policy","status":"publish","type":"page","link":"https:\/\/maurosuites.com\/en\/cookies-policy\/","title":{"rendered":"Cookies Policy"},"content":{"rendered":"\t\t<div data-elementor-type=\"wp-page\" data-elementor-id=\"3783\" class=\"elementor elementor-3783 elementor-633\" data-elementor-post-type=\"page\">\n\t\t\t\t\t\t<section class=\"elementor-section elementor-top-section elementor-element elementor-element-79904567 elementor-section-height-min-height elementor-section-items-bottom elementor-section-boxed elementor-section-height-default\" data-id=\"79904567\" data-element_type=\"section\" data-e-type=\"section\" data-settings=\"{&quot;background_background&quot;:&quot;classic&quot;}\">\n\t\t\t\t\t\t\t<div class=\"elementor-background-overlay\"><\/div>\n\t\t\t\t\t\t\t<div class=\"elementor-container elementor-column-gap-default\">\n\t\t\t\t\t<div class=\"elementor-column elementor-col-100 elementor-top-column elementor-element elementor-element-494c0656\" data-id=\"494c0656\" data-element_type=\"column\" data-e-type=\"column\">\n\t\t\t<div class=\"elementor-widget-wrap elementor-element-populated\">\n\t\t\t\t\t\t<div class=\"elementor-element elementor-element-5f1a6d5c elementor-widget elementor-widget-heading\" data-id=\"5f1a6d5c\" data-element_type=\"widget\" data-e-type=\"widget\" data-widget_type=\"heading.default\">\n\t\t\t\t<div class=\"elementor-widget-container\">\n\t\t\t\t\t<h1 class=\"elementor-heading-title elementor-size-default\">Cookies Policy<\/h1>\t\t\t\t<\/div>\n\t\t\t\t<\/div>\n\t\t\t\t\t<\/div>\n\t\t<\/div>\n\t\t\t\t\t<\/div>\n\t\t<\/section>\n\t\t\t\t<section class=\"elementor-section elementor-top-section elementor-element elementor-element-06a16e6 elementor-section-boxed elementor-section-height-default elementor-section-height-default\" data-id=\"06a16e6\" data-element_type=\"section\" data-e-type=\"section\">\n\t\t\t\t\t\t<div class=\"elementor-container elementor-column-gap-default\">\n\t\t\t\t\t<div class=\"elementor-column elementor-col-100 elementor-top-column elementor-element elementor-element-46b9405\" data-id=\"46b9405\" data-element_type=\"column\" data-e-type=\"column\">\n\t\t\t<div class=\"elementor-widget-wrap elementor-element-populated\">\n\t\t\t\t\t\t<div class=\"elementor-element elementor-element-904489a elementor-widget elementor-widget-text-editor\" data-id=\"904489a\" data-element_type=\"widget\" data-e-type=\"widget\" data-widget_type=\"text-editor.default\">\n\t\t\t\t<div class=\"elementor-widget-container\">\n\t\t\t\t\t\t\t\t\t<p><strong>\u00bfQU\u00c9 SON LAS COOKIES?<\/strong><\/p>\n<p>MAUROSUITES es responsable de la p\u00e1gina web www.maurosuites.com, y utiliza cookies y\/u otros archivos de funcionalidad similar (en adelante \u201cCookies\u201d).<\/p>\n<p>Las Cookies son peque\u00f1os archivos de datos que se env\u00edan al ordenador del usuario, tel\u00e9fono m\u00f3vil u otro dispositivo de acceso cuando visita una p\u00e1gina web y que permiten obtener informaci\u00f3n relativa a su navegaci\u00f3n o un c\u00f3digo que permite identificar un\u00edvocamente al usuario.<\/p>\n<p><strong>TIPOLOG\u00cdA DE COOKIES Y FINALIDADES DE USO<\/strong><br \/>La p\u00e1gina web www.maurosuites.com utiliza Cookies de sesi\u00f3n y\/o Cookies persistentes que, a su vez, pueden ser Cookies propias y\/o de terceros.<\/p>\n<p>Las Cookies de sesi\u00f3n son cookies dise\u00f1adas para recabar y almacenar datos mientras el usuario accede a una p\u00e1gina web. Se suelen emplear para almacenar informaci\u00f3n que solo interesa conservar para la prestaci\u00f3n del servicio solicitado por el usuario en una sola ocasi\u00f3n.<\/p>\n<p>Las Cookies persistentes son un tipo de cookies en el que los datos siguen almacenados en el terminal y a los que se puede acceder y tratar durante un periodo definido por el responsable de la cookie, y que puede ir de unos minutos a varios a\u00f1os.<\/p>\n<p>Cookies propias: Las creadas o gestionadas por el responsable de la p\u00e1gina web MAUROSUITES. La p\u00e1gina web www.maurosuites.com, utiliza Cookies propias con las siguientes finalidades:<\/p>\n<p>T\u00e9cnicas: permiten al usuario la navegaci\u00f3n, la utilizaci\u00f3n de las diferentes opciones o servicios que en ella existan como, por ejemplo, controlar el tr\u00e1fico y la comunicaci\u00f3n de datos, identificar la sesi\u00f3n, acceder a partes de acceso restringido, utilizar elementos de seguridad durante la navegaci\u00f3n, almacenar contenidos.<br \/>Personalizaci\u00f3n: permiten al usuario acceder al servicio con algunas caracter\u00edsticas de car\u00e1cter general predefinidas en funci\u00f3n de una serie de criterios en el terminal del usuario como, por ejemplo, recordar preferencias de reproducci\u00f3n de v\u00eddeos.<br \/>Cookies de terceros: las administradas por prestadores de servicios ajenos a MAUROSUITES.<\/p>\n<p>A continuaci\u00f3n, se detallan tanto los terceros que pueden configurar y acceder a Cookies de su equipo, como las finalidades con las que se utiliza la informaci\u00f3n que almacenan:<\/p>\n<p><strong>FINALIDAD TERCEROS<\/strong><br \/>An\u00e1lisis: Las cookies anal\u00edticas se utilizan para elaborar perfiles de navegaci\u00f3n y poder conocer las preferencias de los usuarios con\u00a0el fin de mejorar la oferta de productos y servicios.<\/p>\n<p><strong>DESACTIVACI\u00d3N O ELIMINACI\u00d3N DE LAS COOKIES<\/strong><br \/>La mayor\u00eda de navegadores web permite gestionar, en cualquier momento, las preferencias del usuario sobre el uso de las Cookies. El usuario puede ajustar su navegador para que rechace Cookies o elimine determinadas Cookies seg\u00fan su criterio.<\/p>\n<p>Para la configuraci\u00f3n de las Cookies el usuario puede acceder a:<\/p>\n<ul>\n<li><a href=\"https:\/\/support.google.com\/chrome\/answer\/95647?co=GENIE.Platform=Desktop&amp;amp;&amp;amp;hl=es\" target=\"_blank\" rel=\"noopener\">Google Chrome<\/a><\/li>\n<li><a href=\"https:\/\/support.mozilla.org\/es\/kb\/impedir-que-los-sitios-web-guarden-sus-preferencia\" target=\"_blank\" rel=\"noopener\">Mozilla Firefox<\/a><\/li>\n<li><a href=\"https:\/\/support.microsoft.com\/es-es\/topic\/eliminar-y-administrar-cookies-168dab11-0753-043d-7c16-ede5947fc64d\" target=\"_blank\" rel=\"noopener\">Internet Explorer<\/a><\/li>\n<li><a href=\"https:\/\/support.microsoft.com\/es-es\/windows\/microsoft-edge-datos-de-exploraci%C3%B3n-y-privacidad-bb8174ba-9d73-dcf2-9b4a-c582b4e640dd\" target=\"_blank\" rel=\"noopener\">Microsoft Edge<\/a><\/li>\n<li><a href=\"https:\/\/support.apple.com\/es-es\/HT201265\" target=\"_blank\" rel=\"noopener\">Safari<\/a><\/li>\n<li><a href=\"https:\/\/help.opera.com\/en\/latest\/web-preferences\/#cookies\" target=\"_blank\" rel=\"noopener\">Opera 19<\/a><\/li>\n<\/ul>\n<p>El usuario puede revocar su consentimiento para el uso de Cookies en su navegador a trav\u00e9s de las indicaciones anteriores o a trav\u00e9s de la instalaci\u00f3n de un sistema de rechazo (\u201copt-out\u201d) en su navegador web.<\/p>\n<p>En el caso de las Cookies de Google Analytics, el opt-out puede realizarse a trav\u00e9s del siguiente <em><strong><a href=\"https:\/\/tools.google.com\/dlpage\/gaoptout?hl=es\" target=\"_blank\" rel=\"noopener\">enlace<\/a><\/strong><\/em>.<\/p>\n<p>El usuario debe tener en cuenta que algunas caracter\u00edsticas de los contenidos de la P\u00e1gina Web www.maurosuites.com solo est\u00e1n disponibles si se permite la instalaci\u00f3n de Cookies en su navegador. Si decide no aceptar o bloquear determinadas Cookies (en funci\u00f3n de su finalidad), puede que esto afecte, total o parcialmente, al funcionamiento normal de la P\u00e1gina Web o que impida el acceso a algunos servicios de la misma.<\/p>\n<p><strong>ACTUALIZACIONES Y CAMBIOS EN LA POL\u00cdTICA DE COOKIES<\/strong><br \/>MAUROSUITES puede modificar esta Pol\u00edtica de Cookies en funci\u00f3n de nuevas exigencias legislativas, reglamentarias, o con la finalidad de adaptar dicha pol\u00edtica a las instrucciones dictadas por la Agencia Espa\u00f1ola de Protecci\u00f3n de Datos.<\/p>\n<p>Si desea m\u00e1s informaci\u00f3n sobre qu\u00e9 uso hacemos de las Cookies, puede enviarnos un e-mail a <a href=\"mailto:leon@maurosuites.com\" target=\"_blank\" rel=\"noopener\">leon@maurosuites.com<\/a>.<\/p>\n<p>Versi\u00f3n 1.0<\/p>\n<p>Fecha de \u00faltima actualizaci\u00f3n: 27 de julio de 2021.<\/p>\n\t\t\t\t\t\t\t\t<\/div>\n\t\t\t\t<\/div>\n\t\t\t\t\t<\/div>\n\t\t<\/div>\n\t\t\t\t\t<\/div>\n\t\t<\/section>\n\t\t\t\t<\/div>\n\t\t","protected":false},"excerpt":{"rendered":"<p>Cookies Policy \u00bfQU\u00c9 SON LAS COOKIES? MAUROSUITES es responsable de la p\u00e1gina web www.maurosuites.com, y utiliza cookies y\/u otros archivos de funcionalidad similar (en adelante \u201cCookies\u201d). Las Cookies son peque\u00f1os archivos de datos que se env\u00edan al ordenador del usuario, tel\u00e9fono m\u00f3vil u otro dispositivo de acceso cuando visita una p\u00e1gina web y que permiten &#8230; <a title=\"Cookies Policy\" class=\"read-more\" href=\"https:\/\/maurosuites.com\/en\/cookies-policy\/\" aria-label=\"Read more about Cookies Policy\">Read more<\/a><\/p>\n","protected":false},"author":7,"featured_media":0,"parent":0,"menu_order":0,"comment_status":"closed","ping_status":"closed","template":"elementor_header_footer","meta":{"footnotes":""},"class_list":["post-3783","page","type-page","status-publish"],"yoast_head":"<!-- This site is optimized with the Yoast SEO plugin v27.3 - https:\/\/yoast.com\/product\/yoast-seo-wordpress\/ -->\n<title>Cookies Policy &#187; Mauro Suites<\/title>\n<meta name=\"robots\" content=\"noindex, follow\" \/>\n<meta property=\"og:locale\" content=\"en_US\" \/>\n<meta property=\"og:type\" content=\"article\" \/>\n<meta property=\"og:title\" content=\"Cookies Policy &#187; Mauro Suites\" \/>\n<meta property=\"og:description\" content=\"Cookies Policy \u00bfQU\u00c9 SON LAS COOKIES? MAUROSUITES es responsable de la p\u00e1gina web www.maurosuites.com, y utiliza cookies y\/u otros archivos de funcionalidad similar (en adelante \u201cCookies\u201d). Las Cookies son peque\u00f1os archivos de datos que se env\u00edan al ordenador del usuario, tel\u00e9fono m\u00f3vil u otro dispositivo de acceso cuando visita una p\u00e1gina web y que permiten ... Read more\" \/>\n<meta property=\"og:url\" content=\"https:\/\/maurosuites.com\/en\/cookies-policy\/\" \/>\n<meta property=\"og:site_name\" content=\"Mauro Suites\" \/>\n<meta name=\"twitter:card\" content=\"summary_large_image\" \/>\n<meta name=\"twitter:label1\" content=\"Est. reading time\" \/>\n\t<meta name=\"twitter:data1\" content=\"3 minutes\" \/>\n<script type=\"application\/ld+json\" class=\"yoast-schema-graph\">{\"@context\":\"https:\\\/\\\/schema.org\",\"@graph\":[{\"@type\":\"WebPage\",\"@id\":\"https:\\\/\\\/maurosuites.com\\\/en\\\/cookies-policy\\\/\",\"url\":\"https:\\\/\\\/maurosuites.com\\\/en\\\/cookies-policy\\\/\",\"name\":\"Cookies Policy &#187; Mauro Suites\",\"isPartOf\":{\"@id\":\"https:\\\/\\\/maurosuites.com\\\/en\\\/#website\"},\"datePublished\":\"2021-08-20T07:18:18+00:00\",\"breadcrumb\":{\"@id\":\"https:\\\/\\\/maurosuites.com\\\/en\\\/cookies-policy\\\/#breadcrumb\"},\"inLanguage\":\"en-US\",\"potentialAction\":[{\"@type\":\"ReadAction\",\"target\":[\"https:\\\/\\\/maurosuites.com\\\/en\\\/cookies-policy\\\/\"]}]},{\"@type\":\"BreadcrumbList\",\"@id\":\"https:\\\/\\\/maurosuites.com\\\/en\\\/cookies-policy\\\/#breadcrumb\",\"itemListElement\":[{\"@type\":\"ListItem\",\"position\":1,\"name\":\"Portada\",\"item\":\"https:\\\/\\\/maurosuites.com\\\/en\\\/\"},{\"@type\":\"ListItem\",\"position\":2,\"name\":\"Cookies Policy\"}]},{\"@type\":\"WebSite\",\"@id\":\"https:\\\/\\\/maurosuites.com\\\/en\\\/#website\",\"url\":\"https:\\\/\\\/maurosuites.com\\\/en\\\/\",\"name\":\"Mauro Suites\",\"description\":\"Apartamentos de lujo en Le&oacute;n\",\"publisher\":{\"@id\":\"https:\\\/\\\/maurosuites.com\\\/en\\\/#organization\"},\"potentialAction\":[{\"@type\":\"SearchAction\",\"target\":{\"@type\":\"EntryPoint\",\"urlTemplate\":\"https:\\\/\\\/maurosuites.com\\\/en\\\/?s={search_term_string}\"},\"query-input\":{\"@type\":\"PropertyValueSpecification\",\"valueRequired\":true,\"valueName\":\"search_term_string\"}}],\"inLanguage\":\"en-US\"},{\"@type\":\"Organization\",\"@id\":\"https:\\\/\\\/maurosuites.com\\\/en\\\/#organization\",\"name\":\"Mauro Suites\",\"url\":\"https:\\\/\\\/maurosuites.com\\\/en\\\/\",\"logo\":{\"@type\":\"ImageObject\",\"inLanguage\":\"en-US\",\"@id\":\"https:\\\/\\\/maurosuites.com\\\/en\\\/#\\\/schema\\\/logo\\\/image\\\/\",\"url\":\"https:\\\/\\\/maurosuites.com\\\/wp-content\\\/uploads\\\/2021\\\/05\\\/logo-blanco.svg\",\"contentUrl\":\"https:\\\/\\\/maurosuites.com\\\/wp-content\\\/uploads\\\/2021\\\/05\\\/logo-blanco.svg\",\"caption\":\"Mauro Suites\"},\"image\":{\"@id\":\"https:\\\/\\\/maurosuites.com\\\/en\\\/#\\\/schema\\\/logo\\\/image\\\/\"}}]}<\/script>\n<!-- \/ Yoast SEO plugin. -->","yoast_head_json":{"title":"Cookies Policy &#187; Mauro Suites","robots":{"index":"noindex","follow":"follow"},"og_locale":"en_US","og_type":"article","og_title":"Cookies Policy &#187; Mauro Suites","og_description":"Cookies Policy \u00bfQU\u00c9 SON LAS COOKIES? MAUROSUITES es responsable de la p\u00e1gina web www.maurosuites.com, y utiliza cookies y\/u otros archivos de funcionalidad similar (en adelante \u201cCookies\u201d). Las Cookies son peque\u00f1os archivos de datos que se env\u00edan al ordenador del usuario, tel\u00e9fono m\u00f3vil u otro dispositivo de acceso cuando visita una p\u00e1gina web y que permiten ... Read more","og_url":"https:\/\/maurosuites.com\/en\/cookies-policy\/","og_site_name":"Mauro Suites","twitter_card":"summary_large_image","twitter_misc":{"Est. reading time":"3 minutes"},"schema":{"@context":"https:\/\/schema.org","@graph":[{"@type":"WebPage","@id":"https:\/\/maurosuites.com\/en\/cookies-policy\/","url":"https:\/\/maurosuites.com\/en\/cookies-policy\/","name":"Cookies Policy &#187; Mauro Suites","isPartOf":{"@id":"https:\/\/maurosuites.com\/en\/#website"},"datePublished":"2021-08-20T07:18:18+00:00","breadcrumb":{"@id":"https:\/\/maurosuites.com\/en\/cookies-policy\/#breadcrumb"},"inLanguage":"en-US","potentialAction":[{"@type":"ReadAction","target":["https:\/\/maurosuites.com\/en\/cookies-policy\/"]}]},{"@type":"BreadcrumbList","@id":"https:\/\/maurosuites.com\/en\/cookies-policy\/#breadcrumb","itemListElement":[{"@type":"ListItem","position":1,"name":"Portada","item":"https:\/\/maurosuites.com\/en\/"},{"@type":"ListItem","position":2,"name":"Cookies Policy"}]},{"@type":"WebSite","@id":"https:\/\/maurosuites.com\/en\/#website","url":"https:\/\/maurosuites.com\/en\/","name":"Mauro Suites","description":"Apartamentos de lujo en Le&oacute;n","publisher":{"@id":"https:\/\/maurosuites.com\/en\/#organization"},"potentialAction":[{"@type":"SearchAction","target":{"@type":"EntryPoint","urlTemplate":"https:\/\/maurosuites.com\/en\/?s={search_term_string}"},"query-input":{"@type":"PropertyValueSpecification","valueRequired":true,"valueName":"search_term_string"}}],"inLanguage":"en-US"},{"@type":"Organization","@id":"https:\/\/maurosuites.com\/en\/#organization","name":"Mauro Suites","url":"https:\/\/maurosuites.com\/en\/","logo":{"@type":"ImageObject","inLanguage":"en-US","@id":"https:\/\/maurosuites.com\/en\/#\/schema\/logo\/image\/","url":"https:\/\/maurosuites.com\/wp-content\/uploads\/2021\/05\/logo-blanco.svg","contentUrl":"https:\/\/maurosuites.com\/wp-content\/uploads\/2021\/05\/logo-blanco.svg","caption":"Mauro Suites"},"image":{"@id":"https:\/\/maurosuites.com\/en\/#\/schema\/logo\/image\/"}}]}},"_links":{"self":[{"href":"https:\/\/maurosuites.com\/en\/wp-json\/wp\/v2\/pages\/3783","targetHints":{"allow":["GET"]}}],"collection":[{"href":"https:\/\/maurosuites.com\/en\/wp-json\/wp\/v2\/pages"}],"about":[{"href":"https:\/\/maurosuites.com\/en\/wp-json\/wp\/v2\/types\/page"}],"author":[{"embeddable":true,"href":"https:\/\/maurosuites.com\/en\/wp-json\/wp\/v2\/users\/7"}],"replies":[{"embeddable":true,"href":"https:\/\/maurosuites.com\/en\/wp-json\/wp\/v2\/comments?post=3783"}],"version-history":[{"count":0,"href":"https:\/\/maurosuites.com\/en\/wp-json\/wp\/v2\/pages\/3783\/revisions"}],"wp:attachment":[{"href":"https:\/\/maurosuites.com\/en\/wp-json\/wp\/v2\/media?parent=3783"}],"curies":[{"name":"wp","href":"https:\/\/api.w.org\/{rel}","templated":true}]}}