{"id":3785,"date":"2021-08-20T07:18:44","date_gmt":"2021-08-20T07:18:44","guid":{"rendered":"https:\/\/maurosuites.com\/general-contracting-conditions\/"},"modified":"2021-08-20T07:18:45","modified_gmt":"2021-08-20T07:18:45","slug":"general-contracting-conditions","status":"publish","type":"page","link":"https:\/\/maurosuites.com\/en\/general-contracting-conditions\/","title":{"rendered":"General contracting conditions"},"content":{"rendered":"\t\t<div data-elementor-type=\"wp-page\" data-elementor-id=\"3785\" class=\"elementor elementor-3785 elementor-1372\" data-elementor-post-type=\"page\">\n\t\t\t\t\t\t<section class=\"elementor-section elementor-top-section elementor-element elementor-element-3801defd elementor-section-height-min-height elementor-section-items-bottom elementor-section-boxed elementor-section-height-default\" data-id=\"3801defd\" data-element_type=\"section\" data-e-type=\"section\" data-settings=\"{&quot;background_background&quot;:&quot;classic&quot;}\">\n\t\t\t\t\t\t\t<div class=\"elementor-background-overlay\"><\/div>\n\t\t\t\t\t\t\t<div class=\"elementor-container elementor-column-gap-default\">\n\t\t\t\t\t<div class=\"elementor-column elementor-col-100 elementor-top-column elementor-element elementor-element-59981d3f\" data-id=\"59981d3f\" data-element_type=\"column\" data-e-type=\"column\">\n\t\t\t<div class=\"elementor-widget-wrap elementor-element-populated\">\n\t\t\t\t\t\t<div class=\"elementor-element elementor-element-6777e4e3 elementor-widget elementor-widget-heading\" data-id=\"6777e4e3\" data-element_type=\"widget\" data-e-type=\"widget\" data-widget_type=\"heading.default\">\n\t\t\t\t<div class=\"elementor-widget-container\">\n\t\t\t\t\t<h1 class=\"elementor-heading-title elementor-size-default\">General contracting conditions<\/h1>\t\t\t\t<\/div>\n\t\t\t\t<\/div>\n\t\t\t\t\t<\/div>\n\t\t<\/div>\n\t\t\t\t\t<\/div>\n\t\t<\/section>\n\t\t\t\t<section class=\"elementor-section elementor-top-section elementor-element elementor-element-a087562 elementor-section-boxed elementor-section-height-default elementor-section-height-default\" data-id=\"a087562\" data-element_type=\"section\" data-e-type=\"section\">\n\t\t\t\t\t\t<div class=\"elementor-container elementor-column-gap-default\">\n\t\t\t\t\t<div class=\"elementor-column elementor-col-100 elementor-top-column elementor-element elementor-element-24fcbc7\" data-id=\"24fcbc7\" data-element_type=\"column\" data-e-type=\"column\">\n\t\t\t<div class=\"elementor-widget-wrap elementor-element-populated\">\n\t\t\t\t\t\t<div class=\"elementor-element elementor-element-002f890 elementor-widget elementor-widget-text-editor\" data-id=\"002f890\" data-element_type=\"widget\" data-e-type=\"widget\" data-widget_type=\"text-editor.default\">\n\t\t\t\t<div class=\"elementor-widget-container\">\n\t\t\t\t\t\t\t\t\t<p>En la presente secci\u00f3n se establece la contrataci\u00f3n de los servicios a trav\u00e9s del sitio web www.maurosuites.com, propiedad de MAUROSUITES ( MAURO ESENCIA S.L. ), en adelante MAUROSUITES.<\/p>\n<p>Mediante la aceptaci\u00f3n del presente contrato, el consumidor y\/o usuario (en adelante cliente\/participante) acepta lo siguiente:<\/p>\n<p>Que es una persona con capacidad suficiente para contratar.<\/p>\n<p>Que ha le\u00eddo, entiende y acepta sin reservas y cada uno de los puntos de las presentes condiciones generales de contrataci\u00f3n.<\/p>\n<p>Que asume todas las obligaciones establecidas.<br \/>Durante el proceso de reserva acepta estas obligaciones.<\/p>\n<p>MAUROSUITES no tiene por objeto el tratamiento de datos correspondientes a menores de edad. MAUROSUITES s\u00f3lo vende a personas mayores de edad conforme a la legislaci\u00f3n espa\u00f1ola (art\u00edculo 315 del C\u00f3digo Civil).<\/p>\n<p>Las presentes condiciones tendr\u00e1n un periodo de validez indefinido y ser\u00e1n aplicables a todas las contrataciones realizadas a trav\u00e9s de la web de www.maurosuites.com.<\/p>\n<p>MAUROSUITES se reserva el derecho de modificar la oferta contractual, constituida por las presentes condiciones generales y la lista de servicios y sus precios en cualquier momento, si bien dichas modificaciones no se efectuar\u00e1n con las contrataciones ya realizadas por el consumidor y\/o usuario previamente. Por todo ello, se recomienda su lectura antes de proceder a la compra de cualquier servicio ofertados.<\/p>\n<p><strong>IDENTIDADES DE LAS PARTES<\/strong><br \/>Por una parte, MAUROSUITES (Titular de la web www.maurosuites.com) con CIF\/NIF B42876961 como proveedor de los servicios contratados por el consumidor y\/o usuario, con domicilio social en Pol\u00edgono Industrial de Le\u00f3n, Fase 2, Parcela M 33, CP 24391 Ribaseca-Santovenia de la Valdoncina (Le\u00f3n). Direcci\u00f3n de contacto <a href=\"mailto:leon@maurosuites.com\" target=\"_blank\" rel=\"noopener\">leon@maurosuites.com<\/a> y el tel\u00e9fono <a href=\"tel:+34669977515\" target=\"_blank\" rel=\"noopener\">(+34) 669 977 515<\/a>.<\/p>\n<p>Por otra parte, el cliente\/participante, cuyo prop\u00f3sito es ser consumidor y\/o usuario de la web&nbsp;<span style=\"color: var( --e-global-color-text ); font-family: var( --e-global-typography-text-font-family ), Sans-serif; font-size: var( --e-global-typography-text-font-size ); font-weight: var( --e-global-typography-text-font-weight ); background-color: var( --e-global-color-9649566 );\">www.maurosuites.com&nbsp;<\/span><span style=\"color: var( --e-global-color-text ); font-family: var( --e-global-typography-text-font-family ), Sans-serif; font-size: var( --e-global-typography-text-font-size ); font-weight: var( --e-global-typography-text-font-weight ); background-color: var( --e-global-color-9649566 );\">y\/o contratar los servicios de MAUROSUITES.<\/span><\/p>\n<p><strong>COMUNICACI\u00d3N Y CONTACTO<\/strong><br \/>A efectos de comunicaciones, MAUROSUITES pone a la disposici\u00f3n de cliente\/participante los siguientes medios:<\/p>\n<ul>\n<li>Email: <a href=\"mailto:leon@maurosuites.com\" target=\"_blank\" rel=\"noopener\">leon@maurosuites.com<\/a><\/li>\n<li>Tel\u00e9fono: <a href=\"tel:+34669977515\" target=\"_blank\" rel=\"noopener\">(+34) 669 977 515<\/a><\/li>\n<\/ul>\n<p><span style=\"text-decoration: underline;\">Direcci\u00f3n postal:&nbsp;<\/span><\/p>\n<ul>\n<li>Domicilio Completo: Pol\u00edgono Industrial de Le\u00f3n, Fase 2, Parcela M 33<\/li>\n<li>C\u00f3digo Postal: 24391<\/li>\n<li>Poblaci\u00f3n: Ribaseca-Santovenia de la Valdoncina<\/li>\n<li>Provincia: Le\u00f3n<\/li>\n<\/ul>\n<p><span style=\"text-decoration: underline;\">Formulario de contacto y de atenci\u00f3n al usuario<\/span><\/p>\n<p>Las comunicaciones que se realicen entre el cliente\/participante y MAUROSUITES por dichos medios se considerar\u00e1n eficaces y v\u00e1lidos a todos los efectos.<\/p>\n<p><strong>RESPONSABILIDAD DEL CLIENTE\/PARTICIPANTE<\/strong><br \/>El cliente\/participante se obliga a realizar un uso l\u00edcito de la web y de los servicios en ella prestados, respetando la legislaci\u00f3n vigente y absteni\u00e9ndose de lesionar los derechos e intereses de terceras personas y de MAUROSUITES.<\/p>\n<p>El cliente\/participante tiene responsabilidad por la veracidad de los datos que proporcione a MAUROSUITES por tanto responde de las consecuencias que se pudieran ocasionar por proporcionar datos falsos o err\u00f3neos en la presente web.<\/p>\n<p>El cliente\/participante ha de respetar y de aceptar las condiciones generales de contrataci\u00f3n, el aviso legal, las condiciones de uso y de privacidad establecidos en la presente web.<\/p>\n<p>El incumplimiento de lo anterior, podr\u00e1 dar lugar a la retirada o cancelaci\u00f3n de los servicios por parte de MAUROSUITES sin necesidad de preaviso y sin que ello de derecho a indemnizaci\u00f3n alguna, as\u00ed como al inicio de acciones legales a las que tuviera derecho a acudir MAUROSUITES.<\/p>\n<p><strong>RESPONSABILIDAD DE MAUROSUITES<\/strong><br \/>MAUROSUITES se compromete a respetar las obligaciones establecidas en las presentes condiciones generales de contrataci\u00f3n.<\/p>\n<p>Para cualquier informaci\u00f3n o solventar dudas, el cliente\/participante contar\u00e1 con el formulario establecido a tal efecto en la secci\u00f3n \u00abContacto\u00bb o bien a trav\u00e9s del tel\u00e9fono<a href=\"tel:+34669977515\" target=\"_blank\" rel=\"noopener\">(+34) 669 977 515<\/a>, o v\u00eda correo electr\u00f3nico a la direcci\u00f3n de e-mail <a href=\"mailto:leon@maurosuites.com\" target=\"_blank\" rel=\"noopener\">leon@maurosuites.com<\/a> indicando el n\u00famero de pedido o estableciendo su consulta.<\/p>\n<p><strong>EDAD M\u00cdNIMA PARA REALIZAR LA RESERVA<\/strong><br \/>La edad m\u00ednima ser\u00e1 de 18 a\u00f1os.<\/p>\n<p><strong>IDIOMA<\/strong><br \/>El idioma en que se establece la relaci\u00f3n con el cliente ser\u00e1 el castellano.<\/p>\n<p><strong>OBJETO DEL CONTRATO (DESCRIPCI\u00d3N DE LOS SERVICIOS)<\/strong><br \/>El objeto del presente contrato es regular la relaci\u00f3n existente entre MAUROSUITES y el cliente\/participante en el momento en que \u00e9ste otorga su consentimiento durante el proceso de contrataci\u00f3n al aceptar la casilla correspondiente. (Casilla que, previo a su aceptaci\u00f3n, informar\u00e1 acerca de las presentes condiciones generales de contrataci\u00f3n).<\/p>\n<p>La relaci\u00f3n contractual de compra \u2013 venta conllevar\u00e1 la prestaci\u00f3n del servicio a cambio de un precio determinado en la web por la reserva de un alojamiento por un determinado tiempo.<\/p>\n<p><strong>PROCEDIMIENTO DE CONTRATACI\u00d3N<\/strong><br \/>La compra de los servicios de MAUROSUITES se puede realizar de la siguiente forma:<\/p>\n<p>Se informa que de conformidad con lo exigido por el art. 27 de la Ley 34\/2002 de Servicios de la Sociedad de la Informaci\u00f3n y del Comercio Electr\u00f3nico, el procedimiento de contrataci\u00f3n seguir\u00e1 los siguientes pasos:<\/p>\n<p><span style=\"color: var( --e-global-color-text ); font-family: var( --e-global-typography-text-font-family ), Sans-serif; font-size: var( --e-global-typography-text-font-size ); font-weight: var( --e-global-typography-text-font-weight ); background-color: var( --e-global-color-9649566 );\">Para poder realizar la reserva, se ha de pinchar sobre cualquiera de las tarifas correspondientes a cada uno de los alojamientos disponibles, y posteriormente hacer clic sobre el bot\u00f3n &#8220;Confirmar Reserva&#8221;. Posteriormente aparecer\u00e1 un popup con las caracter\u00edsticas contratadas, donde el usuario podr\u00e1 saber el precio total de compra con IVA, cerrar el popup y &#8220;Confirmar la Reserva&#8221; definitivamente.<\/span><\/p>\n<p>Una vez realizada la selecci\u00f3n de alojamientos que se quieren reservar, el comprador ha de rellenar un formulario que aparece en el popup. Una vez relleno y aceptadas las pol\u00edticas, al hacer clic en &#8220;Confirmar Reserva&#8221;, el usuario ser\u00e1 llevado a una p\u00e1gina de pago de Redsys.<\/p>\n<p>Una vez finalizado el proceso de compra, ser\u00e1 devuelto a la p\u00e1gina web.<\/p>\n<p><strong>PRODUCTOS\/ SERVICIOS OFRECIDOS<\/strong><br \/>Las caracter\u00edsticas principales de cada producto est\u00e1n descritas en sus correspondientes fichas o secciones. (Caracter\u00edsticas, precio, promociones, etc.).<\/p>\n<p>Las promociones estar\u00e1n debidamente marcadas e identificadas como tal, indicando convenientemente el precio descuento de la promoci\u00f3n.<\/p>\n<p>La venta de productos\/servicios s\u00f3lo se realizar\u00e1 en territorio espa\u00f1ol, concretamente en la pen\u00ednsula ib\u00e9rica. Excluy\u00e9ndose expresamente el resto de territorios, aunque dejamos abierta la posibilidad de contactar con nosotros para poder comprar en otros lugares (Islas Baleares, Islas Canarias, Ceuta, Melilla, resto de Europa).<\/p>\n<p>Para cualquier informaci\u00f3n sobre el pedido, el cliente contar\u00e1 con el formulario establecido a tal efecto en la secci\u00f3n \u00abContacto\u00bb o bien a trav\u00e9s del tel\u00e9fono <a href=\"tel:+34669977515\" target=\"_blank\" rel=\"noopener\">(+34) 669 977 515<\/a>, o v\u00eda correo electr\u00f3nico a la direcci\u00f3n de e-mail <a href=\"mailto:leon@maurosuites.com\">leon@maurosuites.com<\/a> indicando el n\u00famero de pedido que le fue asignado en el correo electr\u00f3nico de confirmaci\u00f3n de la compra.<\/p>\n<p><strong>PRECIO Y PLAZO DE VALIDEZ DEL PRECIO DE LOS ALOJAMIENTOS<\/strong><br \/>El cliente acepta que la valoraci\u00f3n econ\u00f3mica de algunos de los alojamientos puede variar en tiempo real. Como consecuencia, el precio a aplicar ser\u00e1 el vigente en la fecha de realizaci\u00f3n del pedido. No obstante lo anterior, dicho precio final ser\u00e1 comunicado al cliente en el proceso de compra electr\u00f3nica de forma previa y antes de que \u00e9ste proceda a formalizar su aceptaci\u00f3n de la compra.<\/p>\n<p>Los precios que se indican respecto a cada producto\/servicio incluyen el Impuesto sobre el Valor A\u00f1adido (IVA) y en todo caso se expresar\u00e1n en la moneda Euro (\u20ac).<\/p>\n<p><strong>FORMA DE PAGO<\/strong><br \/>Mediante Redsys: Para que el cliente pueda abonar sus compras por medio de este sistema debe de disponer de una tarjeta de cr\u00e9dito compatible con las propuestas por el sistema de pago.<\/p>\n<p>Con tarjeta de cr\u00e9dito. A trav\u00e9s de este medio de pago, el cliente tendr\u00e1 que facilitar su n\u00famero de tarjeta, la fecha de caducidad y su n\u00famero CVV. En este caso, sus datos ser\u00e1n cifrados y enviados bajo servidor seguro al TPV virtual del banco. Este procedimiento no facilita el n\u00famero de tarjeta a MAUROSUITES.<\/p>\n<p><strong>PROTOCOLO DE SEGURIDAD UTILIZADO EN LAS TRANSMISIONES<\/strong><br \/>En las conexiones con el Servidor Seguro se utilizan las \u00faltimas especificaciones del protocolo de seguridad standard<br \/>en la red: SSL.<\/p>\n<p><strong>PLAZOS Y ENTREGA DE PEDIDOS<\/strong><br \/>No procede<\/p>\n<p><strong>GASTOS DE ENV\u00cdO<\/strong><br \/>No procede<\/p>\n<p><strong>CANCELACI\u00d3N Y DEVOLUCI\u00d3N<\/strong><\/p>\n<p><b>Cancelaci\u00f3n flexible. Cancelaci\u00f3n gratuita hasta 24 horas antes de la llegada. Se devolver\u00e1 el 100% del importe. Si cancela la reserva despu\u00e9s de 24h o no se presenta, el cliente pagar\u00e1 el precio total.<\/b><\/p>\n<p><span style=\"background-color: var( --e-global-color-9649566 );\"><b>No reembolsable. Si cancela la reserva o no se presenta, el cliente pagar\u00e1 el precio total.<\/b><\/span><br \/>______________________<\/p>\n<p><strong>GARANT\u00cdAS APLICABLES<\/strong><br \/>_______________________________<\/p>\n<p><strong>HOJAS DE RECLAMACIONES<\/strong><br \/>En la direcci\u00f3n Domicilio Completo: Pol\u00edgono Industrial de Le\u00f3n, Fase 2,&nbsp;Parcela M 33, CP 24391, Ribaseca-Santovenia de la Valdoncina (Le\u00f3n); el consumidor y\/o usuario tiene a su disposici\u00f3n hojas de reclamaciones, conforme establece la normativa competente en esta materia. No obstante lo anterior, el consumidor y\/o usuario podr\u00e1 en todo caso, solicitar la remisi\u00f3n de las mismas mediante el formulario de contacto establecido al efecto en la secci\u00f3n \u00abContacto\u00bb o a la direcci\u00f3n electr\u00f3nica <a href=\"mailto:leon@maurosuites.com\" target=\"_blank\" rel=\"noopener\">leon@maurosuites.com<\/a>.<\/p>\n<p>Fecha de \u00faltima actualizaci\u00f3n: 27 de julio de 2021<\/p>\n\t\t\t\t\t\t\t\t<\/div>\n\t\t\t\t<\/div>\n\t\t\t\t\t<\/div>\n\t\t<\/div>\n\t\t\t\t\t<\/div>\n\t\t<\/section>\n\t\t\t\t<\/div>\n\t\t","protected":false},"excerpt":{"rendered":"<p>General contracting conditions En la presente secci\u00f3n se establece la contrataci\u00f3n de los servicios a trav\u00e9s del sitio web www.maurosuites.com, propiedad de MAUROSUITES ( MAURO ESENCIA S.L. ), en adelante MAUROSUITES. Mediante la aceptaci\u00f3n del presente contrato, el consumidor y\/o usuario (en adelante cliente\/participante) acepta lo siguiente: Que es una persona con capacidad suficiente para &#8230; <a title=\"General contracting conditions\" class=\"read-more\" href=\"https:\/\/maurosuites.com\/en\/general-contracting-conditions\/\" aria-label=\"Read more about General contracting conditions\">Read more<\/a><\/p>\n","protected":false},"author":7,"featured_media":0,"parent":0,"menu_order":0,"comment_status":"closed","ping_status":"closed","template":"elementor_header_footer","meta":{"footnotes":""},"class_list":["post-3785","page","type-page","status-publish"],"yoast_head":"<!-- This site is optimized with the Yoast SEO plugin v27.3 - https:\/\/yoast.com\/product\/yoast-seo-wordpress\/ -->\n<title>General contracting conditions &#187; Mauro Suites<\/title>\n<meta name=\"robots\" content=\"noindex, follow\" \/>\n<meta property=\"og:locale\" content=\"en_US\" \/>\n<meta property=\"og:type\" content=\"article\" \/>\n<meta property=\"og:title\" content=\"General contracting conditions &#187; Mauro Suites\" \/>\n<meta property=\"og:description\" content=\"General contracting conditions En la presente secci\u00f3n se establece la contrataci\u00f3n de los servicios a trav\u00e9s del sitio web www.maurosuites.com, propiedad de MAUROSUITES ( MAURO ESENCIA S.L. ), en adelante MAUROSUITES. Mediante la aceptaci\u00f3n del presente contrato, el consumidor y\/o usuario (en adelante cliente\/participante) acepta lo siguiente: Que es una persona con capacidad suficiente para ... Read more\" \/>\n<meta property=\"og:url\" content=\"https:\/\/maurosuites.com\/en\/general-contracting-conditions\/\" \/>\n<meta property=\"og:site_name\" content=\"Mauro Suites\" \/>\n<meta property=\"article:modified_time\" content=\"2021-08-20T07:18:45+00:00\" \/>\n<meta name=\"twitter:card\" content=\"summary_large_image\" \/>\n<meta name=\"twitter:label1\" content=\"Est. reading time\" \/>\n\t<meta name=\"twitter:data1\" content=\"8 minutes\" \/>\n<script type=\"application\/ld+json\" class=\"yoast-schema-graph\">{\"@context\":\"https:\\\/\\\/schema.org\",\"@graph\":[{\"@type\":\"WebPage\",\"@id\":\"https:\\\/\\\/maurosuites.com\\\/en\\\/general-contracting-conditions\\\/\",\"url\":\"https:\\\/\\\/maurosuites.com\\\/en\\\/general-contracting-conditions\\\/\",\"name\":\"General contracting conditions &#187; Mauro Suites\",\"isPartOf\":{\"@id\":\"https:\\\/\\\/maurosuites.com\\\/en\\\/#website\"},\"datePublished\":\"2021-08-20T07:18:44+00:00\",\"dateModified\":\"2021-08-20T07:18:45+00:00\",\"breadcrumb\":{\"@id\":\"https:\\\/\\\/maurosuites.com\\\/en\\\/general-contracting-conditions\\\/#breadcrumb\"},\"inLanguage\":\"en-US\",\"potentialAction\":[{\"@type\":\"ReadAction\",\"target\":[\"https:\\\/\\\/maurosuites.com\\\/en\\\/general-contracting-conditions\\\/\"]}]},{\"@type\":\"BreadcrumbList\",\"@id\":\"https:\\\/\\\/maurosuites.com\\\/en\\\/general-contracting-conditions\\\/#breadcrumb\",\"itemListElement\":[{\"@type\":\"ListItem\",\"position\":1,\"name\":\"Portada\",\"item\":\"https:\\\/\\\/maurosuites.com\\\/en\\\/\"},{\"@type\":\"ListItem\",\"position\":2,\"name\":\"General contracting conditions\"}]},{\"@type\":\"WebSite\",\"@id\":\"https:\\\/\\\/maurosuites.com\\\/en\\\/#website\",\"url\":\"https:\\\/\\\/maurosuites.com\\\/en\\\/\",\"name\":\"Mauro Suites\",\"description\":\"Apartamentos de lujo en Le&oacute;n\",\"publisher\":{\"@id\":\"https:\\\/\\\/maurosuites.com\\\/en\\\/#organization\"},\"potentialAction\":[{\"@type\":\"SearchAction\",\"target\":{\"@type\":\"EntryPoint\",\"urlTemplate\":\"https:\\\/\\\/maurosuites.com\\\/en\\\/?s={search_term_string}\"},\"query-input\":{\"@type\":\"PropertyValueSpecification\",\"valueRequired\":true,\"valueName\":\"search_term_string\"}}],\"inLanguage\":\"en-US\"},{\"@type\":\"Organization\",\"@id\":\"https:\\\/\\\/maurosuites.com\\\/en\\\/#organization\",\"name\":\"Mauro Suites\",\"url\":\"https:\\\/\\\/maurosuites.com\\\/en\\\/\",\"logo\":{\"@type\":\"ImageObject\",\"inLanguage\":\"en-US\",\"@id\":\"https:\\\/\\\/maurosuites.com\\\/en\\\/#\\\/schema\\\/logo\\\/image\\\/\",\"url\":\"https:\\\/\\\/maurosuites.com\\\/wp-content\\\/uploads\\\/2021\\\/05\\\/logo-blanco.svg\",\"contentUrl\":\"https:\\\/\\\/maurosuites.com\\\/wp-content\\\/uploads\\\/2021\\\/05\\\/logo-blanco.svg\",\"caption\":\"Mauro Suites\"},\"image\":{\"@id\":\"https:\\\/\\\/maurosuites.com\\\/en\\\/#\\\/schema\\\/logo\\\/image\\\/\"}}]}<\/script>\n<!-- \/ Yoast SEO plugin. -->","yoast_head_json":{"title":"General contracting conditions &#187; Mauro Suites","robots":{"index":"noindex","follow":"follow"},"og_locale":"en_US","og_type":"article","og_title":"General contracting conditions &#187; Mauro Suites","og_description":"General contracting conditions En la presente secci\u00f3n se establece la contrataci\u00f3n de los servicios a trav\u00e9s del sitio web www.maurosuites.com, propiedad de MAUROSUITES ( MAURO ESENCIA S.L. ), en adelante MAUROSUITES. Mediante la aceptaci\u00f3n del presente contrato, el consumidor y\/o usuario (en adelante cliente\/participante) acepta lo siguiente: Que es una persona con capacidad suficiente para ... Read more","og_url":"https:\/\/maurosuites.com\/en\/general-contracting-conditions\/","og_site_name":"Mauro Suites","article_modified_time":"2021-08-20T07:18:45+00:00","twitter_card":"summary_large_image","twitter_misc":{"Est. reading time":"8 minutes"},"schema":{"@context":"https:\/\/schema.org","@graph":[{"@type":"WebPage","@id":"https:\/\/maurosuites.com\/en\/general-contracting-conditions\/","url":"https:\/\/maurosuites.com\/en\/general-contracting-conditions\/","name":"General contracting conditions &#187; Mauro Suites","isPartOf":{"@id":"https:\/\/maurosuites.com\/en\/#website"},"datePublished":"2021-08-20T07:18:44+00:00","dateModified":"2021-08-20T07:18:45+00:00","breadcrumb":{"@id":"https:\/\/maurosuites.com\/en\/general-contracting-conditions\/#breadcrumb"},"inLanguage":"en-US","potentialAction":[{"@type":"ReadAction","target":["https:\/\/maurosuites.com\/en\/general-contracting-conditions\/"]}]},{"@type":"BreadcrumbList","@id":"https:\/\/maurosuites.com\/en\/general-contracting-conditions\/#breadcrumb","itemListElement":[{"@type":"ListItem","position":1,"name":"Portada","item":"https:\/\/maurosuites.com\/en\/"},{"@type":"ListItem","position":2,"name":"General contracting conditions"}]},{"@type":"WebSite","@id":"https:\/\/maurosuites.com\/en\/#website","url":"https:\/\/maurosuites.com\/en\/","name":"Mauro Suites","description":"Apartamentos de lujo en Le&oacute;n","publisher":{"@id":"https:\/\/maurosuites.com\/en\/#organization"},"potentialAction":[{"@type":"SearchAction","target":{"@type":"EntryPoint","urlTemplate":"https:\/\/maurosuites.com\/en\/?s={search_term_string}"},"query-input":{"@type":"PropertyValueSpecification","valueRequired":true,"valueName":"search_term_string"}}],"inLanguage":"en-US"},{"@type":"Organization","@id":"https:\/\/maurosuites.com\/en\/#organization","name":"Mauro Suites","url":"https:\/\/maurosuites.com\/en\/","logo":{"@type":"ImageObject","inLanguage":"en-US","@id":"https:\/\/maurosuites.com\/en\/#\/schema\/logo\/image\/","url":"https:\/\/maurosuites.com\/wp-content\/uploads\/2021\/05\/logo-blanco.svg","contentUrl":"https:\/\/maurosuites.com\/wp-content\/uploads\/2021\/05\/logo-blanco.svg","caption":"Mauro Suites"},"image":{"@id":"https:\/\/maurosuites.com\/en\/#\/schema\/logo\/image\/"}}]}},"_links":{"self":[{"href":"https:\/\/maurosuites.com\/en\/wp-json\/wp\/v2\/pages\/3785","targetHints":{"allow":["GET"]}}],"collection":[{"href":"https:\/\/maurosuites.com\/en\/wp-json\/wp\/v2\/pages"}],"about":[{"href":"https:\/\/maurosuites.com\/en\/wp-json\/wp\/v2\/types\/page"}],"author":[{"embeddable":true,"href":"https:\/\/maurosuites.com\/en\/wp-json\/wp\/v2\/users\/7"}],"replies":[{"embeddable":true,"href":"https:\/\/maurosuites.com\/en\/wp-json\/wp\/v2\/comments?post=3785"}],"version-history":[{"count":0,"href":"https:\/\/maurosuites.com\/en\/wp-json\/wp\/v2\/pages\/3785\/revisions"}],"wp:attachment":[{"href":"https:\/\/maurosuites.com\/en\/wp-json\/wp\/v2\/media?parent=3785"}],"curies":[{"name":"wp","href":"https:\/\/api.w.org\/{rel}","templated":true}]}}