{"id":3787,"date":"2021-08-20T07:20:03","date_gmt":"2021-08-20T07:20:03","guid":{"rendered":"https:\/\/maurosuites.com\/legal-notice\/"},"modified":"2021-08-20T07:20:03","modified_gmt":"2021-08-20T07:20:03","slug":"legal-notice","status":"publish","type":"page","link":"https:\/\/maurosuites.com\/en\/legal-notice\/","title":{"rendered":"Legal notice"},"content":{"rendered":"\t\t<div data-elementor-type=\"wp-page\" data-elementor-id=\"3787\" class=\"elementor elementor-3787 elementor-637\" data-elementor-post-type=\"page\">\n\t\t\t\t\t\t<section class=\"elementor-section elementor-top-section elementor-element elementor-element-655ea0d6 elementor-section-height-min-height elementor-section-items-bottom elementor-section-boxed elementor-section-height-default\" data-id=\"655ea0d6\" data-element_type=\"section\" data-e-type=\"section\" data-settings=\"{&quot;background_background&quot;:&quot;classic&quot;}\">\n\t\t\t\t\t\t\t<div class=\"elementor-background-overlay\"><\/div>\n\t\t\t\t\t\t\t<div class=\"elementor-container elementor-column-gap-default\">\n\t\t\t\t\t<div class=\"elementor-column elementor-col-100 elementor-top-column elementor-element elementor-element-55d3f105\" data-id=\"55d3f105\" data-element_type=\"column\" data-e-type=\"column\">\n\t\t\t<div class=\"elementor-widget-wrap elementor-element-populated\">\n\t\t\t\t\t\t<div class=\"elementor-element elementor-element-6ea26731 elementor-widget elementor-widget-heading\" data-id=\"6ea26731\" data-element_type=\"widget\" data-e-type=\"widget\" data-widget_type=\"heading.default\">\n\t\t\t\t<div class=\"elementor-widget-container\">\n\t\t\t\t\t<h1 class=\"elementor-heading-title elementor-size-default\">Legal notice <\/h1>\t\t\t\t<\/div>\n\t\t\t\t<\/div>\n\t\t\t\t\t<\/div>\n\t\t<\/div>\n\t\t\t\t\t<\/div>\n\t\t<\/section>\n\t\t\t\t<section class=\"elementor-section elementor-top-section elementor-element elementor-element-70cbd75 elementor-section-boxed elementor-section-height-default elementor-section-height-default\" data-id=\"70cbd75\" data-element_type=\"section\" data-e-type=\"section\">\n\t\t\t\t\t\t<div class=\"elementor-container elementor-column-gap-default\">\n\t\t\t\t\t<div class=\"elementor-column elementor-col-100 elementor-top-column elementor-element elementor-element-061fcd1\" data-id=\"061fcd1\" data-element_type=\"column\" data-e-type=\"column\">\n\t\t\t<div class=\"elementor-widget-wrap elementor-element-populated\">\n\t\t\t\t\t\t<div class=\"elementor-element elementor-element-46c0f86 elementor-widget elementor-widget-text-editor\" data-id=\"46c0f86\" data-element_type=\"widget\" data-e-type=\"widget\" data-widget_type=\"text-editor.default\">\n\t\t\t\t<div class=\"elementor-widget-container\">\n\t\t\t\t\t\t\t\t\t<p><strong>TITULAR DEL SITIO WEB<\/strong><br \/>En cumplimiento de lo previsto en el art\u00edculo 10 de la Ley 34\/2002, de 11 de julio, de Servicios de la Sociedad de la Informaci\u00f3n y Comercio Electr\u00f3nico (LSSICE) informamos a los usuarios que el presente sitio web es titularidad de MAURO ESENCIA S.L., con NIF\/CIF B42876961, y domicilio en Pol\u00edgono Industrial de Le\u00f3n, Fase 2, Parcela M 33, CP 24391, Ribaseca-Santovenia de la Valdoncina (Le\u00f3n). Puedes contactar con nosotros en la direcci\u00f3n de correo electr\u00f3nico <a href=\"mailto:leon@maurosuites.com\" target=\"_blank\" rel=\"noopener\">leon@maurosuites.com<\/a> o en el tel\u00e9fono <a href=\"tel:+34669977515\" target=\"_blank\" rel=\"noopener\"><span class=\"elementor-icon-list-text\">(+34) 669 977 515.<\/span><\/a><\/p>\n<p><strong>CONTENIDOS Y UTILIZACI\u00d3N DEL SITIO WEB<\/strong><\/p>\n<p>A trav\u00e9s del presente sitio web ofrecemos informaci\u00f3n a los usuarios sobre los servicios de consultor\u00eda jur\u00eddica y seguridad de la informaci\u00f3n de nuestra Firma. Este sitio web es \u00fanico y exclusivamente para uso personal de los usuarios, y se proh\u00edbe su modificaci\u00f3n, reproducci\u00f3n, duplicaci\u00f3n, copia, distribuci\u00f3n, venta, reventa y dem\u00e1s formas de explotaci\u00f3n con fines comerciales.<\/p>\n<p><strong>V\u00cdNCULOS A TERCEROS<\/strong><\/p>\n<p>Con objeto de mostrar al usuario otra informaci\u00f3n o servicios de inter\u00e9s, podremos incluir en el presente sitio web hiperv\u00ednculos directos a otras p\u00e1ginas web, no relacionadas ni mantenidas por nosotros. Las p\u00e1ginas web de destino son totalmente independientes y de ninguna forma la redirecci\u00f3n a dichas p\u00e1ginas debe interpretarse como un respaldo, recomendaci\u00f3n, representaci\u00f3n o garant\u00eda de dichos sitios webs o entidades, ni de sus respectivos productos, servicios, informaci\u00f3n, materiales, opiniones o enlaces que contengan y redirijan a otros sitios webs. La navegaci\u00f3n e interacci\u00f3n en cualquier otro sitio web, incluidos aquellos que est\u00e9n enlazados con nuestro sitio web, est\u00e1 sujeta a las normas y pol\u00edticas de dicho sitio. No obstante, en el caso de que tengamos conocimiento efectivo de la existencia de contenidos il\u00edcitos en los sitios web enlazados desde el nuestro, procederemos de manera inmediata a eliminar el enlace a dichos contenidos, y a poner este hecho en conocimiento de las autoridades competentes.<\/p>\n<p><strong>PROPIEDAD INTELECTUAL E INDUSTRIAL<\/strong><\/p>\n<p>El sitio web, incluyendo a t\u00edtulo enunciativo, pero no limitativo su programaci\u00f3n, edici\u00f3n, compilaci\u00f3n y dem\u00e1s elementos necesarios para su funcionamiento, los dise\u00f1os, logotipos, texto y\/o gr\u00e1ficos son propiedad de MAUROSUITES, o de sus leg\u00edtimos titulares. Todos los contenidos del sitio web se encuentran protegidos por la normativa de propiedad intelectual e industrial. La reproducci\u00f3n total o parcial, uso, explotaci\u00f3n distribuci\u00f3n y comercializaci\u00f3n de contenidos del presente sitio web requiere, en todo caso, de la autorizaci\u00f3n escrita previa por parte de MAUROSUITES. Cualquier uso no autorizado previamente por parte del titular del sitio web ser\u00e1 considerado un incumplimiento de los derechos de propiedad intelectual o industrial.<\/p>\n<p><strong>PRIVACIDAD Y PROTECCI\u00d3N DE DATOS<\/strong><\/p>\n<p>Puede consultar toda la informaci\u00f3n sobre c\u00f3mo tratamos sus datos accediendo a nuestra&nbsp;<a href=\"https:\/\/maurosuites.com\/en\/privacy-policy\/\" target=\"_blank\">Pol\u00edtica de Privacidad<\/a>.<\/p>\n<p><strong>USO DE COOKIES<\/strong><\/p>\n<p>Una cookie es un fichero que se descarga en el ordenador del usuario al acceder a determinadas p\u00e1ginas web. Las cookies permiten a una p\u00e1gina web, entre otras cosas, almacenar y recuperar informaci\u00f3n sobre los h\u00e1bitos de navegaci\u00f3n de un usuario o de su equipo y, dependiendo de la informaci\u00f3n que contengan y de la forma en que utilice su equipo, podr\u00edan utilizarse para reconocer al Usuario. El presente sitio web no utiliza cookies no necesarias para la navegaci\u00f3n, ni pretende identificar al usuario o sus h\u00e1bitos de navegaci\u00f3n, por lo que no se aplica la obligaci\u00f3n de recabar el consentimiento previo de los interesados para la instalaci\u00f3n de dichas cookies.<\/p>\n<p><strong>MEDIDAS DE SEGURIDAD<\/strong><\/p>\n<p>MAUROSUITES ha implementado y mantiene altos niveles de seguridad para proteger los datos de car\u00e1cter personal del Usuario frente a p\u00e9rdidas fortuitas y accesos, tratamientos o revelaciones no autorizados, habida cuenta del estado de la tecnolog\u00eda, la naturaleza de los datos almacenados y los riesgos a que est\u00e1n expuestos.<\/p>\n<p>Un objetivo primordial de MAUROSUITES es que los protocolos y sistemas de seguridad implementados permitan el adecuado funcionamiento del sitio web, de sus funcionalidades y de sus servicios, preservando la integridad de los datos e informaciones almacenadas. Los servicios son prestados con los propios recursos tecnol\u00f3gicos del sitio web y en ocasiones por terceros que disponen de las medidas de seguridad necesarias para asegurar la imposibilidad de acceso no autorizado seg\u00fan la t\u00e9cnica y tecnolog\u00eda ordinaria actual.<\/p>\n<p>No obstante, la transmisi\u00f3n de informaci\u00f3n a trav\u00e9s de Internet no siempre es totalmente segura; por ello, y a pesar de que MAUROSUITES realiza sus mejores esfuerzos para proteger los datos del Usuario, no puede garantizar la seguridad total de los mismos durante el tr\u00e1nsito hasta el sitio web. Una vez recibidos los datos del Usuario, MAUROSUITES utilizar\u00e1 rigurosos procedimientos y funciones de seguridad para impedir cualquier acceso no autorizado.<\/p>\n<p><strong>LEGISLACI\u00d3N Y FUERO APLICABLE<\/strong><\/p>\n<p>Para la resoluci\u00f3n de todas las controversias o cuestiones relacionadas con el presente sitio web o de las actividades en \u00e9l desarrolladas, ser\u00e1 de aplicaci\u00f3n la legislaci\u00f3n espa\u00f1ola, a la que se someten expresamente las partes, siendo competentes para la resoluci\u00f3n de todos los conflictos derivados o relacionados con su uso los Juzgados y Tribunales de la ciudad de Le\u00f3n, salvo que el Usuario tenga la condici\u00f3n de consumidor, en cuyo caso las partes se someten a los juzgados y tribunales del domicilio del consumidor.<\/p>\n<p><strong>MODIFICACI\u00d3N DEL AVISO LEGAL<\/strong><\/p>\n<p>MAUROSUITES se reserva el derecho de modificar el presente Aviso Legal de acuerdo con su criterio, o a causa de un cambio legislativo, jurisprudencial o en la pr\u00e1ctica empresarial. Si MAUROSUITES introduce alguna modificaci\u00f3n, el nuevo texto ser\u00e1 publicado en esta misma p\u00e1gina, donde el usuario podr\u00e1 tener conocimiento de las modificaciones. En cualquier caso, la relaci\u00f3n con los Usuarios se regir\u00e1 por las normas previstas en el momento preciso en el que se accede al sitio web.<\/p>\n<p>Fecha de \u00faltima actualizaci\u00f3n: 27 de julio de 2021.<\/p>\n\t\t\t\t\t\t\t\t<\/div>\n\t\t\t\t<\/div>\n\t\t\t\t\t<\/div>\n\t\t<\/div>\n\t\t\t\t\t<\/div>\n\t\t<\/section>\n\t\t\t\t<\/div>\n\t\t","protected":false},"excerpt":{"rendered":"<p>Legal notice TITULAR DEL SITIO WEBEn cumplimiento de lo previsto en el art\u00edculo 10 de la Ley 34\/2002, de 11 de julio, de Servicios de la Sociedad de la Informaci\u00f3n y Comercio Electr\u00f3nico (LSSICE) informamos a los usuarios que el presente sitio web es titularidad de MAURO ESENCIA S.L., con NIF\/CIF B42876961, y domicilio en &#8230; <a title=\"Legal notice\" class=\"read-more\" href=\"https:\/\/maurosuites.com\/en\/legal-notice\/\" aria-label=\"Read more about Legal notice\">Read more<\/a><\/p>\n","protected":false},"author":7,"featured_media":0,"parent":0,"menu_order":0,"comment_status":"closed","ping_status":"closed","template":"elementor_header_footer","meta":{"footnotes":""},"class_list":["post-3787","page","type-page","status-publish"],"yoast_head":"<!-- This site is optimized with the Yoast SEO plugin v27.3 - https:\/\/yoast.com\/product\/yoast-seo-wordpress\/ -->\n<title>Legal notice &#187; Mauro Suites<\/title>\n<meta name=\"robots\" content=\"noindex, follow\" \/>\n<meta property=\"og:locale\" content=\"en_US\" \/>\n<meta property=\"og:type\" content=\"article\" \/>\n<meta property=\"og:title\" content=\"Legal notice &#187; Mauro Suites\" \/>\n<meta property=\"og:description\" content=\"Legal notice TITULAR DEL SITIO WEBEn cumplimiento de lo previsto en el art\u00edculo 10 de la Ley 34\/2002, de 11 de julio, de Servicios de la Sociedad de la Informaci\u00f3n y Comercio Electr\u00f3nico (LSSICE) informamos a los usuarios que el presente sitio web es titularidad de MAURO ESENCIA S.L., con NIF\/CIF B42876961, y domicilio en ... Read more\" \/>\n<meta property=\"og:url\" content=\"https:\/\/maurosuites.com\/en\/legal-notice\/\" \/>\n<meta property=\"og:site_name\" content=\"Mauro Suites\" \/>\n<meta name=\"twitter:card\" content=\"summary_large_image\" \/>\n<meta name=\"twitter:label1\" content=\"Est. reading time\" \/>\n\t<meta name=\"twitter:data1\" content=\"5 minutes\" \/>\n<script type=\"application\/ld+json\" class=\"yoast-schema-graph\">{\"@context\":\"https:\\\/\\\/schema.org\",\"@graph\":[{\"@type\":\"WebPage\",\"@id\":\"https:\\\/\\\/maurosuites.com\\\/en\\\/legal-notice\\\/\",\"url\":\"https:\\\/\\\/maurosuites.com\\\/en\\\/legal-notice\\\/\",\"name\":\"Legal notice &#187; Mauro Suites\",\"isPartOf\":{\"@id\":\"https:\\\/\\\/maurosuites.com\\\/en\\\/#website\"},\"datePublished\":\"2021-08-20T07:20:03+00:00\",\"breadcrumb\":{\"@id\":\"https:\\\/\\\/maurosuites.com\\\/en\\\/legal-notice\\\/#breadcrumb\"},\"inLanguage\":\"en-US\",\"potentialAction\":[{\"@type\":\"ReadAction\",\"target\":[\"https:\\\/\\\/maurosuites.com\\\/en\\\/legal-notice\\\/\"]}]},{\"@type\":\"BreadcrumbList\",\"@id\":\"https:\\\/\\\/maurosuites.com\\\/en\\\/legal-notice\\\/#breadcrumb\",\"itemListElement\":[{\"@type\":\"ListItem\",\"position\":1,\"name\":\"Portada\",\"item\":\"https:\\\/\\\/maurosuites.com\\\/en\\\/\"},{\"@type\":\"ListItem\",\"position\":2,\"name\":\"Legal notice\"}]},{\"@type\":\"WebSite\",\"@id\":\"https:\\\/\\\/maurosuites.com\\\/en\\\/#website\",\"url\":\"https:\\\/\\\/maurosuites.com\\\/en\\\/\",\"name\":\"Mauro Suites\",\"description\":\"Apartamentos de lujo en Le&oacute;n\",\"publisher\":{\"@id\":\"https:\\\/\\\/maurosuites.com\\\/en\\\/#organization\"},\"potentialAction\":[{\"@type\":\"SearchAction\",\"target\":{\"@type\":\"EntryPoint\",\"urlTemplate\":\"https:\\\/\\\/maurosuites.com\\\/en\\\/?s={search_term_string}\"},\"query-input\":{\"@type\":\"PropertyValueSpecification\",\"valueRequired\":true,\"valueName\":\"search_term_string\"}}],\"inLanguage\":\"en-US\"},{\"@type\":\"Organization\",\"@id\":\"https:\\\/\\\/maurosuites.com\\\/en\\\/#organization\",\"name\":\"Mauro Suites\",\"url\":\"https:\\\/\\\/maurosuites.com\\\/en\\\/\",\"logo\":{\"@type\":\"ImageObject\",\"inLanguage\":\"en-US\",\"@id\":\"https:\\\/\\\/maurosuites.com\\\/en\\\/#\\\/schema\\\/logo\\\/image\\\/\",\"url\":\"https:\\\/\\\/maurosuites.com\\\/wp-content\\\/uploads\\\/2021\\\/05\\\/logo-blanco.svg\",\"contentUrl\":\"https:\\\/\\\/maurosuites.com\\\/wp-content\\\/uploads\\\/2021\\\/05\\\/logo-blanco.svg\",\"caption\":\"Mauro Suites\"},\"image\":{\"@id\":\"https:\\\/\\\/maurosuites.com\\\/en\\\/#\\\/schema\\\/logo\\\/image\\\/\"}}]}<\/script>\n<!-- \/ Yoast SEO plugin. -->","yoast_head_json":{"title":"Legal notice &#187; Mauro Suites","robots":{"index":"noindex","follow":"follow"},"og_locale":"en_US","og_type":"article","og_title":"Legal notice &#187; Mauro Suites","og_description":"Legal notice TITULAR DEL SITIO WEBEn cumplimiento de lo previsto en el art\u00edculo 10 de la Ley 34\/2002, de 11 de julio, de Servicios de la Sociedad de la Informaci\u00f3n y Comercio Electr\u00f3nico (LSSICE) informamos a los usuarios que el presente sitio web es titularidad de MAURO ESENCIA S.L., con NIF\/CIF B42876961, y domicilio en ... Read more","og_url":"https:\/\/maurosuites.com\/en\/legal-notice\/","og_site_name":"Mauro Suites","twitter_card":"summary_large_image","twitter_misc":{"Est. reading time":"5 minutes"},"schema":{"@context":"https:\/\/schema.org","@graph":[{"@type":"WebPage","@id":"https:\/\/maurosuites.com\/en\/legal-notice\/","url":"https:\/\/maurosuites.com\/en\/legal-notice\/","name":"Legal notice &#187; Mauro Suites","isPartOf":{"@id":"https:\/\/maurosuites.com\/en\/#website"},"datePublished":"2021-08-20T07:20:03+00:00","breadcrumb":{"@id":"https:\/\/maurosuites.com\/en\/legal-notice\/#breadcrumb"},"inLanguage":"en-US","potentialAction":[{"@type":"ReadAction","target":["https:\/\/maurosuites.com\/en\/legal-notice\/"]}]},{"@type":"BreadcrumbList","@id":"https:\/\/maurosuites.com\/en\/legal-notice\/#breadcrumb","itemListElement":[{"@type":"ListItem","position":1,"name":"Portada","item":"https:\/\/maurosuites.com\/en\/"},{"@type":"ListItem","position":2,"name":"Legal notice"}]},{"@type":"WebSite","@id":"https:\/\/maurosuites.com\/en\/#website","url":"https:\/\/maurosuites.com\/en\/","name":"Mauro Suites","description":"Apartamentos de lujo en Le&oacute;n","publisher":{"@id":"https:\/\/maurosuites.com\/en\/#organization"},"potentialAction":[{"@type":"SearchAction","target":{"@type":"EntryPoint","urlTemplate":"https:\/\/maurosuites.com\/en\/?s={search_term_string}"},"query-input":{"@type":"PropertyValueSpecification","valueRequired":true,"valueName":"search_term_string"}}],"inLanguage":"en-US"},{"@type":"Organization","@id":"https:\/\/maurosuites.com\/en\/#organization","name":"Mauro Suites","url":"https:\/\/maurosuites.com\/en\/","logo":{"@type":"ImageObject","inLanguage":"en-US","@id":"https:\/\/maurosuites.com\/en\/#\/schema\/logo\/image\/","url":"https:\/\/maurosuites.com\/wp-content\/uploads\/2021\/05\/logo-blanco.svg","contentUrl":"https:\/\/maurosuites.com\/wp-content\/uploads\/2021\/05\/logo-blanco.svg","caption":"Mauro Suites"},"image":{"@id":"https:\/\/maurosuites.com\/en\/#\/schema\/logo\/image\/"}}]}},"_links":{"self":[{"href":"https:\/\/maurosuites.com\/en\/wp-json\/wp\/v2\/pages\/3787","targetHints":{"allow":["GET"]}}],"collection":[{"href":"https:\/\/maurosuites.com\/en\/wp-json\/wp\/v2\/pages"}],"about":[{"href":"https:\/\/maurosuites.com\/en\/wp-json\/wp\/v2\/types\/page"}],"author":[{"embeddable":true,"href":"https:\/\/maurosuites.com\/en\/wp-json\/wp\/v2\/users\/7"}],"replies":[{"embeddable":true,"href":"https:\/\/maurosuites.com\/en\/wp-json\/wp\/v2\/comments?post=3787"}],"version-history":[{"count":0,"href":"https:\/\/maurosuites.com\/en\/wp-json\/wp\/v2\/pages\/3787\/revisions"}],"wp:attachment":[{"href":"https:\/\/maurosuites.com\/en\/wp-json\/wp\/v2\/media?parent=3787"}],"curies":[{"name":"wp","href":"https:\/\/api.w.org\/{rel}","templated":true}]}}